{"id":1452,"date":"2022-07-05T15:46:44","date_gmt":"2022-07-05T15:46:44","guid":{"rendered":"https:\/\/shswm.de\/?page_id=1452"},"modified":"2026-01-22T12:09:02","modified_gmt":"2026-01-22T12:09:02","slug":"ausbildung","status":"publish","type":"page","link":"https:\/\/shswm.de\/?page_id=1452","title":{"rendered":"Ausbildung"},"content":{"rendered":"<div class=\"fusion-fullwidth fullwidth-box fusion-builder-row-1 fusion-flex-container has-pattern-background has-mask-background nonhundred-percent-fullwidth non-hundred-percent-height-scrolling\" style=\"--awb-border-radius-top-left:0px;--awb-border-radius-top-right:0px;--awb-border-radius-bottom-right:0px;--awb-border-radius-bottom-left:0px;--awb-flex-wrap:wrap;\" ><div class=\"fusion-builder-row fusion-row fusion-flex-align-items-flex-start fusion-flex-content-wrap\" style=\"max-width:1289.6px;margin-left: calc(-4% \/ 2 );margin-right: calc(-4% \/ 2 );\"><div class=\"fusion-layout-column fusion_builder_column fusion-builder-column-0 fusion_builder_column_1_1 1_1 fusion-flex-column\" style=\"--awb-bg-size:cover;--awb-width-large:100%;--awb-margin-top-large:0px;--awb-spacing-right-large:1.92%;--awb-margin-bottom-large:40px;--awb-spacing-left-large:1.92%;--awb-width-medium:100%;--awb-order-medium:0;--awb-spacing-right-medium:1.92%;--awb-spacing-left-medium:1.92%;--awb-width-small:100%;--awb-order-small:0;--awb-spacing-right-small:1.92%;--awb-spacing-left-small:1.92%;\"><div class=\"fusion-column-wrapper fusion-column-has-shadow fusion-flex-justify-content-flex-start fusion-content-layout-column\"><div class=\"fusion-text fusion-text-1\"><p align=\"left\"><strong><span style=\"color: #0000ca; font-family: Verdana, Arial, Helvetica, sans-serif; font-size: medium;\">Sie interessieren sich f\u00fcr unsere Arbeit mit oder ohne Hund?<\/span><\/strong><\/p>\n<p align=\"left\"><span style=\"color: #0000ca; font-family: Verdana, Arial, Helvetica, sans-serif; font-size: medium;\"><span style=\"color: #000000; font-family: Verdana, Arial, Helvetica, sans-serif; font-size: medium;\">Um es vorweg zu sagen, das ideale Rettungshundeteam gibt es selten, denn wir sind alle nur Menschen (und Hunde). Aber mit Motivation und Ausdauer kann bei der Rettungshundearbeit manches &#8222;Handicap&#8220; beseitigt werden. Wenn wir Sie auf unsere Arbeit neugierig gemacht haben, dann nehmen Sie Kontakt mit uns auf. Im Gespr\u00e4ch und Schnuppertraining wird schnell klar, ob eine Rettungshundeausbildung im konkreten Fall Erfolg versprechend ist. Und eine interessante Erfahrung ist so ein Schnuppertraining in jedem Fall. <\/span><\/span><\/p>\n<p align=\"left\"><span style=\"color: #0000ca; font-family: Verdana, Arial, Helvetica, sans-serif; font-size: medium;\"><span style=\"color: #000000; font-family: Verdana, Arial, Helvetica, sans-serif; font-size: medium;\">Sie sollten aber Spa\u00df daran haben, sich drau\u00dfen aufzuhalten, denn unser Training findet bei (fast) jedem Wetter statt, denn auch bei Eins\u00e4tzen k\u00f6nnen wir uns das Wetter nicht aussuchen. <\/span><\/span><\/p>\n<p align=\"left\"><span style=\"color: #0000ca; font-family: Verdana, Arial, Helvetica, sans-serif; font-size: medium;\"><span style=\"color: #000000; font-family: Verdana, Arial, Helvetica, sans-serif; font-size: medium;\">Die Ausbildung umfasst auch <\/span><\/span><\/p>\n<ul>\n<li><span style=\"color: #0000ca; font-family: Verdana, Arial, Helvetica, sans-serif; font-size: medium;\"><span style=\"color: #000000; font-family: Verdana, Arial, Helvetica, sans-serif; font-size: medium;\">1.Hilfe am Mensch <\/span><\/span><\/li>\n<li><span style=\"color: #0000ca; font-family: Verdana, Arial, Helvetica, sans-serif; font-size: medium;\"><span style=\"color: #000000; font-family: Verdana, Arial, Helvetica, sans-serif; font-size: medium;\">1. Hilfe am Hund\u00a0 <\/span><\/span><\/li>\n<li><span style=\"color: #0000ca; font-family: Verdana, Arial, Helvetica, sans-serif; font-size: medium;\"><span style=\"color: #000000; font-family: Verdana, Arial, Helvetica, sans-serif; font-size: medium;\">Funken\u00a0 <\/span><\/span><\/li>\n<li><span style=\"color: #0000ca; font-family: Verdana, Arial, Helvetica, sans-serif; font-size: medium;\"><span style=\"color: #000000; font-family: Verdana, Arial, Helvetica, sans-serif; font-size: medium;\">Einsatz- und Suchtaktik <\/span><\/span><\/li>\n<li><span style=\"color: #0000ca; font-family: Verdana, Arial, Helvetica, sans-serif; font-size: medium;\"><span style=\"color: #000000; font-family: Verdana, Arial, Helvetica, sans-serif; font-size: medium;\">Verhalten im Einsatz <\/span><\/span><\/li>\n<li><span style=\"color: #0000ca; font-family: Verdana, Arial, Helvetica, sans-serif; font-size: medium;\"><span style=\"color: #000000; font-family: Verdana, Arial, Helvetica, sans-serif; font-size: medium;\">Karte\/Kompass\/Orientierung\u00a0<\/span><\/span><\/li>\n<\/ul>\n<p align=\"left\"><span style=\"font-family: Verdana, Arial, Helvetica, sans-serif; font-size: medium;\"><strong><span style=\"color: #0000ca;\">Welche Rettungshundearten bilden wir aus?<\/span><\/strong><\/span><\/p>\n<p align=\"left\"><span style=\"color: #0000ca; font-family: Verdana, Arial, Helvetica, sans-serif; font-size: medium;\"><span style=\"color: #000000; font-family: Verdana, Arial, Helvetica, sans-serif; font-size: medium;\">Neben den sogenannten Fl\u00e4chensuchhunden bilden wir auch Personensp\u00fcrhunde aus, die auch unter dem Begriff Mantrailer bekannt sind.<\/span><\/span><\/p>\n<p align=\"left\"><span style=\"color: #000000; font-family: Verdana, Arial, Helvetica, sans-serif; font-size: medium;\">W\u00e4hrend ein Fl\u00e4chensuchhund das Gel\u00e4nde frei durchstreift und als sogenannter Hochwindsucher den menschlichen Geruch an sich aufnimmt, wird der Mantrailer an einer langen Leine gef\u00fchrt und sucht nach Geruchspartikeln eines speziellen Menschen.<\/span><\/p>\n<p align=\"left\"><span style=\"font-family: Verdana, Arial, Helvetica, sans-serif; font-size: medium;\"><strong><span style=\"color: #0000ca;\">Die Grundlage f\u00fcr eine effektive Rettungshundearbeit<\/span><\/strong><\/span><\/p>\n<p><span style=\"color: #0000ca; font-family: Verdana, Arial, Helvetica, sans-serif; font-size: medium;\"><span style=\"color: #000000; font-family: Verdana, Arial, Helvetica, sans-serif; font-size: medium;\">Grundlage f\u00fcr eine effektive Rettungshundearbeit ist das harmonische Zusammenwirken im Team. Daher liegt das Hauptaugenmerk in unserer Ausbildung auf der funktionierenden Kommunikation zwischen Hund und Hundef\u00fchrer\/in. Ohne Zwang und Druck sondern \u00fcber Motivation und positive Verst\u00e4rkung vermitteln wir unseren Hunden die entsprechenden Fertigkeiten. Wir erreichen somit in der Unterordnung &#8211; ebenso wie in der Suchausbildung &#8211; dass die Hunde Spa\u00df an der Arbeit haben und freiwillig, gerne und damit dauerhaft die von ihnen erwartete Leistung abrufen.<\/span><\/span><\/p>\n<\/div><\/div><\/div><\/div><\/div>\n","protected":false},"excerpt":{"rendered":"","protected":false},"author":1,"featured_media":1690,"parent":0,"menu_order":0,"comment_status":"closed","ping_status":"closed","template":"","meta":{"footnotes":""},"yoast_head":"<!-- This site is optimized with the Yoast SEO plugin v23.5 - https:\/\/yoast.com\/wordpress\/plugins\/seo\/ -->\n<title>Ausbildung - Suchhundestaffel Werra-Mei\u00dfner e.V.<\/title>\n<meta name=\"robots\" content=\"index, follow, max-snippet:-1, max-image-preview:large, max-video-preview:-1\" \/>\n<link rel=\"canonical\" href=\"https:\/\/shswm.de\/?page_id=1452\" \/>\n<meta property=\"og:locale\" content=\"de_DE\" \/>\n<meta property=\"og:type\" content=\"article\" \/>\n<meta property=\"og:title\" content=\"Ausbildung - Suchhundestaffel Werra-Mei\u00dfner e.V.\" \/>\n<meta property=\"og:url\" content=\"https:\/\/shswm.de\/?page_id=1452\" \/>\n<meta property=\"og:site_name\" content=\"Suchhundestaffel Werra-Mei\u00dfner e.V.\" \/>\n<meta property=\"article:modified_time\" content=\"2026-01-22T12:09:02+00:00\" \/>\n<meta property=\"og:image\" content=\"https:\/\/shswm.de\/wp-content\/uploads\/2022\/07\/2021-09-12-Ausbildung-Defibrilator.jpg\" \/>\n\t<meta property=\"og:image:width\" content=\"1695\" \/>\n\t<meta property=\"og:image:height\" content=\"1150\" \/>\n\t<meta property=\"og:image:type\" content=\"image\/jpeg\" \/>\n<meta name=\"twitter:card\" content=\"summary_large_image\" \/>\n<meta name=\"twitter:label1\" content=\"Gesch\u00e4tzte Lesezeit\" \/>\n\t<meta name=\"twitter:data1\" content=\"2 Minuten\" \/>\n<script type=\"application\/ld+json\" class=\"yoast-schema-graph\">{\"@context\":\"https:\/\/schema.org\",\"@graph\":[{\"@type\":\"WebPage\",\"@id\":\"https:\/\/shswm.de\/?page_id=1452\",\"url\":\"https:\/\/shswm.de\/?page_id=1452\",\"name\":\"Ausbildung - Suchhundestaffel Werra-Mei\u00dfner e.V.\",\"isPartOf\":{\"@id\":\"https:\/\/shswm.de\/#website\"},\"primaryImageOfPage\":{\"@id\":\"https:\/\/shswm.de\/?page_id=1452#primaryimage\"},\"image\":{\"@id\":\"https:\/\/shswm.de\/?page_id=1452#primaryimage\"},\"thumbnailUrl\":\"https:\/\/shswm.de\/wp-content\/uploads\/2022\/07\/2021-09-12-Ausbildung-Defibrilator.jpg\",\"datePublished\":\"2022-07-05T15:46:44+00:00\",\"dateModified\":\"2026-01-22T12:09:02+00:00\",\"breadcrumb\":{\"@id\":\"https:\/\/shswm.de\/?page_id=1452#breadcrumb\"},\"inLanguage\":\"de-DE\",\"potentialAction\":[{\"@type\":\"ReadAction\",\"target\":[\"https:\/\/shswm.de\/?page_id=1452\"]}]},{\"@type\":\"ImageObject\",\"inLanguage\":\"de-DE\",\"@id\":\"https:\/\/shswm.de\/?page_id=1452#primaryimage\",\"url\":\"https:\/\/shswm.de\/wp-content\/uploads\/2022\/07\/2021-09-12-Ausbildung-Defibrilator.jpg\",\"contentUrl\":\"https:\/\/shswm.de\/wp-content\/uploads\/2022\/07\/2021-09-12-Ausbildung-Defibrilator.jpg\",\"width\":1695,\"height\":1150},{\"@type\":\"BreadcrumbList\",\"@id\":\"https:\/\/shswm.de\/?page_id=1452#breadcrumb\",\"itemListElement\":[{\"@type\":\"ListItem\",\"position\":1,\"name\":\"Startseite\",\"item\":\"https:\/\/shswm.de\/\"},{\"@type\":\"ListItem\",\"position\":2,\"name\":\"Ausbildung\"}]},{\"@type\":\"WebSite\",\"@id\":\"https:\/\/shswm.de\/#website\",\"url\":\"https:\/\/shswm.de\/\",\"name\":\"Suchhundestaffel Werra-Mei\u00dfner e.V.\",\"description\":\"Wir helfen Leben retten suchhundestaffel suchhundestaffelkassel rettungshundeverein\",\"potentialAction\":[{\"@type\":\"SearchAction\",\"target\":{\"@type\":\"EntryPoint\",\"urlTemplate\":\"https:\/\/shswm.de\/?s={search_term_string}\"},\"query-input\":{\"@type\":\"PropertyValueSpecification\",\"valueRequired\":true,\"valueName\":\"search_term_string\"}}],\"inLanguage\":\"de-DE\"}]}<\/script>\n<!-- \/ Yoast SEO plugin. -->","yoast_head_json":{"title":"Ausbildung - Suchhundestaffel Werra-Mei\u00dfner e.V.","robots":{"index":"index","follow":"follow","max-snippet":"max-snippet:-1","max-image-preview":"max-image-preview:large","max-video-preview":"max-video-preview:-1"},"canonical":"https:\/\/shswm.de\/?page_id=1452","og_locale":"de_DE","og_type":"article","og_title":"Ausbildung - Suchhundestaffel Werra-Mei\u00dfner e.V.","og_url":"https:\/\/shswm.de\/?page_id=1452","og_site_name":"Suchhundestaffel Werra-Mei\u00dfner e.V.","article_modified_time":"2026-01-22T12:09:02+00:00","og_image":[{"width":1695,"height":1150,"url":"https:\/\/shswm.de\/wp-content\/uploads\/2022\/07\/2021-09-12-Ausbildung-Defibrilator.jpg","type":"image\/jpeg"}],"twitter_card":"summary_large_image","twitter_misc":{"Gesch\u00e4tzte Lesezeit":"2 Minuten"},"schema":{"@context":"https:\/\/schema.org","@graph":[{"@type":"WebPage","@id":"https:\/\/shswm.de\/?page_id=1452","url":"https:\/\/shswm.de\/?page_id=1452","name":"Ausbildung - Suchhundestaffel Werra-Mei\u00dfner e.V.","isPartOf":{"@id":"https:\/\/shswm.de\/#website"},"primaryImageOfPage":{"@id":"https:\/\/shswm.de\/?page_id=1452#primaryimage"},"image":{"@id":"https:\/\/shswm.de\/?page_id=1452#primaryimage"},"thumbnailUrl":"https:\/\/shswm.de\/wp-content\/uploads\/2022\/07\/2021-09-12-Ausbildung-Defibrilator.jpg","datePublished":"2022-07-05T15:46:44+00:00","dateModified":"2026-01-22T12:09:02+00:00","breadcrumb":{"@id":"https:\/\/shswm.de\/?page_id=1452#breadcrumb"},"inLanguage":"de-DE","potentialAction":[{"@type":"ReadAction","target":["https:\/\/shswm.de\/?page_id=1452"]}]},{"@type":"ImageObject","inLanguage":"de-DE","@id":"https:\/\/shswm.de\/?page_id=1452#primaryimage","url":"https:\/\/shswm.de\/wp-content\/uploads\/2022\/07\/2021-09-12-Ausbildung-Defibrilator.jpg","contentUrl":"https:\/\/shswm.de\/wp-content\/uploads\/2022\/07\/2021-09-12-Ausbildung-Defibrilator.jpg","width":1695,"height":1150},{"@type":"BreadcrumbList","@id":"https:\/\/shswm.de\/?page_id=1452#breadcrumb","itemListElement":[{"@type":"ListItem","position":1,"name":"Startseite","item":"https:\/\/shswm.de\/"},{"@type":"ListItem","position":2,"name":"Ausbildung"}]},{"@type":"WebSite","@id":"https:\/\/shswm.de\/#website","url":"https:\/\/shswm.de\/","name":"Suchhundestaffel Werra-Mei\u00dfner e.V.","description":"Wir helfen Leben retten suchhundestaffel suchhundestaffelkassel rettungshundeverein","potentialAction":[{"@type":"SearchAction","target":{"@type":"EntryPoint","urlTemplate":"https:\/\/shswm.de\/?s={search_term_string}"},"query-input":{"@type":"PropertyValueSpecification","valueRequired":true,"valueName":"search_term_string"}}],"inLanguage":"de-DE"}]}},"_links":{"self":[{"href":"https:\/\/shswm.de\/index.php?rest_route=\/wp\/v2\/pages\/1452"}],"collection":[{"href":"https:\/\/shswm.de\/index.php?rest_route=\/wp\/v2\/pages"}],"about":[{"href":"https:\/\/shswm.de\/index.php?rest_route=\/wp\/v2\/types\/page"}],"author":[{"embeddable":true,"href":"https:\/\/shswm.de\/index.php?rest_route=\/wp\/v2\/users\/1"}],"replies":[{"embeddable":true,"href":"https:\/\/shswm.de\/index.php?rest_route=%2Fwp%2Fv2%2Fcomments&post=1452"}],"version-history":[{"count":6,"href":"https:\/\/shswm.de\/index.php?rest_route=\/wp\/v2\/pages\/1452\/revisions"}],"predecessor-version":[{"id":1716,"href":"https:\/\/shswm.de\/index.php?rest_route=\/wp\/v2\/pages\/1452\/revisions\/1716"}],"wp:featuredmedia":[{"embeddable":true,"href":"https:\/\/shswm.de\/index.php?rest_route=\/wp\/v2\/media\/1690"}],"wp:attachment":[{"href":"https:\/\/shswm.de\/index.php?rest_route=%2Fwp%2Fv2%2Fmedia&parent=1452"}],"curies":[{"name":"wp","href":"https:\/\/api.w.org\/{rel}","templated":true}]}}