{"id":1454,"date":"2022-07-05T15:47:09","date_gmt":"2022-07-05T15:47:09","guid":{"rendered":"https:\/\/shswm.de\/?page_id=1454"},"modified":"2026-01-22T12:10:17","modified_gmt":"2026-01-22T12:10:17","slug":"flaechensuche","status":"publish","type":"page","link":"https:\/\/shswm.de\/?page_id=1454","title":{"rendered":"Fl\u00e4chensuche"},"content":{"rendered":"<div class=\"fusion-fullwidth fullwidth-box fusion-builder-row-1 fusion-flex-container has-pattern-background has-mask-background nonhundred-percent-fullwidth non-hundred-percent-height-scrolling\" style=\"--awb-border-radius-top-left:0px;--awb-border-radius-top-right:0px;--awb-border-radius-bottom-right:0px;--awb-border-radius-bottom-left:0px;--awb-flex-wrap:wrap;\" ><div class=\"fusion-builder-row fusion-row fusion-flex-align-items-flex-start fusion-flex-content-wrap\" style=\"max-width:1289.6px;margin-left: calc(-4% \/ 2 );margin-right: calc(-4% \/ 2 );\"><div class=\"fusion-layout-column fusion_builder_column fusion-builder-column-0 fusion_builder_column_1_1 1_1 fusion-flex-column\" style=\"--awb-bg-size:cover;--awb-width-large:100%;--awb-margin-top-large:0px;--awb-spacing-right-large:1.92%;--awb-margin-bottom-large:40px;--awb-spacing-left-large:1.92%;--awb-width-medium:100%;--awb-order-medium:0;--awb-spacing-right-medium:1.92%;--awb-spacing-left-medium:1.92%;--awb-width-small:100%;--awb-order-small:0;--awb-spacing-right-small:1.92%;--awb-spacing-left-small:1.92%;\"><div class=\"fusion-column-wrapper fusion-column-has-shadow fusion-flex-justify-content-flex-start fusion-content-layout-column\"><div class=\"fusion-text fusion-text-1\"><p align=\"left\"><span style=\"font-family: Verdana, Arial, Helvetica, sans-serif; font-size: medium;\"><strong><span style=\"color: #0000ca;\">Die Aufgabe des Hundes<\/span><\/strong><\/span><\/p>\n<p><span style=\"color: #0000ca; font-family: Verdana, Arial, Helvetica, sans-serif; font-size: medium;\"><span style=\"color: #000000;\">Die Aufgabe des Fl\u00e4chenhundes ist, ein fremdes Gebiet oder eine unbekannte Fl\u00e4che unterschiedlicher Beschaffenheit und Gr\u00f6\u00dfe nach Personen abzusuchen und das Auffinden von Personen seinem\/seiner Hundef\u00fchrer\/in zuverl\u00e4ssig anzuzeigen. Bei der Suche l\u00e4uft der Hund frei und wird nicht an einer Leine gef\u00fchrt.<span style=\"color: #000000; font-family: Verdana; font-size: medium;\"> Eine Kenndecke kennzeichnet ihn bei seiner Arbeit als Rettungshund.<\/span> <\/span><\/span><\/p>\n<p><span style=\"color: #0000ca; font-family: Verdana, Arial, Helvetica, sans-serif; font-size: medium;\"><span style=\"color: #000000;\">Ziel der Ausbildung ist es, den Hund auf die zuverl\u00e4ssige Suche nach Personen und das Anzeigen zu trainieren. Der Einstieg in die Sucharbeit erfolgt \u00fcber Anzeige\u00fcbungen und kurze, hochmotivierte Suchen. Der Spa\u00df an der neuen Aufgabe steht f\u00fcr den Hund absolut im Vordergrund. Anf\u00e4nglich wird der Hund an die Suche herangef\u00fchrt, indem er die &#8222;vermisste Person&#8220; noch sieht und bei Hinrennen und Anzeigen belohnt wird. Die Belohnung kann in Leckerlis, Spielen oder Herumtoben bestehen.<\/span><\/span><\/p>\n<p><span style=\"color: #0000ca; font-family: Verdana, Arial, Helvetica, sans-serif; font-size: medium;\"><span style=\"color: #000000;\">Behutsam und in kleinen, sinnvollen Entwicklungsschritten werden in den folgenden Monaten die Anforderungen an den Hund in Sachen Suchentfernung, Suchdauer und Lage der vermissten Person gesteigert.<\/span><\/span><\/p>\n<p><span style=\"color: #0000ca; font-family: Verdana, Arial, Helvetica, sans-serif; font-size: medium;\"><span style=\"color: #000000;\">Die Anzeige, dass eine Person gefunden wurde, kann auf dreierlei Art geschehen. Man kann Hunde entweder\u00a0<\/span><\/span><span style=\"color: #000000; font-family: Verdana, Arial, Helvetica, sans-serif; font-size: medium;\">als Verbeller oder\u00a0<\/span><span style=\"color: #000000; font-family: Verdana, Arial, Helvetica, sans-serif; font-size: medium;\">als Bringsler oder\u00a0<\/span><span style=\"color: #000000; font-family: Verdana, Arial, Helvetica, sans-serif; font-size: medium;\">als R\u00fcckverweiser den Erfolg einer Suchaktion melden lassen.<\/span><\/p>\n<p><span style=\"color: #000000; font-family: Verdana, Arial, Helvetica, sans-serif; font-size: medium;\">Der Verbeller bellt bei der vermissten Person solange, bis sein\/e Hundef\u00fchrer\/in bei dieser Person angekommen ist. Der Hund f\u00fchrt den Menschen \u00fcber die akustischen Signale zur vermissten Person.<\/span><\/p>\n<p><span style=\"color: #0000ca; font-family: Verdana, Arial, Helvetica, sans-serif; font-size: medium;\"><span style=\"color: #000000; font-family: Verdana, Arial, Helvetica, sans-serif; font-size: medium;\">Der Bringsler nimmt ein Bringsel, welches ihm lose um den Hals h\u00e4ngt, in die Schnauze wenn er die vermisste Person gefunden hat und signalisiert somit dem\/der Hundef\u00fchrer\/in, dass er f\u00fcndig geworden ist. Der Hund f\u00fchrt den Menschen durch pendeln zur vermissten Person. <\/span><\/span><\/p>\n<p><span style=\"color: #0000ca; font-family: Verdana, Arial, Helvetica, sans-serif; font-size: medium;\"><span style=\"color: #000000; font-family: Verdana, Arial, Helvetica, sans-serif; font-size: medium;\">Der Freiverweiser <\/span><\/span><span style=\"color: #0000ca; font-family: Verdana, Arial, Helvetica, sans-serif; font-size: medium;\"><span style=\"color: #000000; font-family: Verdana, Arial, Helvetica, sans-serif; font-size: medium;\">zeigt das Auffinden der Person z.B. durch Anspringen des Hundef\u00fchrers an. Er pendelt solange zwischen der vermissten Person und dem\/der Hundef\u00fchrer\/in, bis letztere\/r bei der vermissten Person angekommen ist.<\/span><\/span><\/p>\n<p><strong><span style=\"color: #0000ca; font-family: Verdana, Arial, Helvetica, sans-serif; font-size: medium;\">Aufgabe des Menschen<\/span><\/strong><\/p>\n<p align=\"left\"><span style=\"color: #0000ca; font-family: Verdana, Arial, Helvetica, sans-serif; font-size: medium;\"><span style=\"color: #000000; font-family: Verdana, Arial, Helvetica, sans-serif; font-size: medium;\">Der\/die Hundef\u00fchrer\/in muss in der Lage sein, seinen\/ihren Hund\u00a0<em>richtig zu f\u00fchre<\/em><\/span><span style=\"color: #000000; font-family: Verdana, Arial, Helvetica, sans-serif; font-size: medium;\"><em>n<\/em>\u00a0und zu\u00a0<em>interpretieren.<\/em> Sie\/er muss bei Auffinden einer vermissten Person deren Zustand\/Verhalten bewerten, gegebenenfalls die <em>Erstversorgung durchf\u00fchren <\/em>und der Person solange zur Seite stehen, bis ein Rettungsdienst vor Ort ist.<\/span><\/span><\/p>\n<p align=\"left\"><span style=\"color: #0000ca; font-family: Verdana, Arial, Helvetica, sans-serif; font-size: medium;\"><span style=\"color: #000000; font-family: Verdana, Arial, Helvetica, sans-serif; font-size: medium;\">Der\/die Hundef\u00fchrer\/in muss in der Lage sein, <em>taktische \u00dcberlegungen<\/em> hinsichtlich der Suchstrategien anzustellen, seinen\/ihren Hund <em>entsprechend der gew\u00e4hlten<\/em> <em>Suchstrategie zu f\u00fchren<\/em> und dessen Verhalten richtig <em>zu interpretieren.<\/em> F\u00fcr die <em>richtige Einsatztaktik<\/em> ist es notwendig, die <em>Windverh\u00e4ltnisse zu erkunden<\/em>, <em>das zugeteilte Suchgebiet richtig einzusch\u00e4tzen, Karten und Kompass nutzen zu k\u00f6nnen.<\/em><\/span><\/span><\/p>\n<p align=\"left\"><span style=\"color: #0000ca; font-family: Verdana, Arial, Helvetica, sans-serif; font-size: medium;\"><span style=\"color: #000000; font-family: Verdana, Arial, Helvetica, sans-serif; font-size: medium;\">Der\/die Hundef\u00fchrer\/in ist f\u00fcr die Sicherheit des eingesetzten Teams und seines\/ihres Hundes verantwortlich. Vor dem Start einer Suche beurteilt er unter Beachtung der Grunds\u00e4tze der Eigensicherung m\u00f6gliche Gef\u00e4hrdungen f\u00fcr sein Team und richtet sein Vorgehen danach aus.Er\/sie muss bei Auffinden einer vermissten Person deren Zustand\/Verhalten unter Beachtung der Grunds\u00e4tze der Eigensicherung beurteilen, gegebenenfalls die Erstversorgung durchf\u00fchren und sie betreuen bis der Rettungsdienst vor Ort ist. Damit dies m\u00f6glichst schnell geschieht, muss er\/sie sowohl seinen aktuellen <em>Standort sicher bestimmen<\/em> als auch das <em>Funkger\u00e4t bedienen<\/em> k\u00f6nnen.\u00a0<\/span><\/span><\/p>\n<p><span style=\"color: #000000; font-family: Verdana, Arial, Helvetica, sans-serif; font-size: medium;\">Um dem Hund im Ernstfall &#8222;Erste Hilfe&#8220; leisten zu k\u00f6nnen, nehmen die Hundef\u00fchrer\/innen hierzu regelm\u00e4\u00dfig an Lehrg\u00e4ngen teil.<\/span><\/p>\n<p><span style=\"color: #0000ca; font-family: Verdana, Arial, Helvetica, sans-serif; font-size: medium;\"><span style=\"color: #000000; font-family: Verdana, Arial, Helvetica, sans-serif; font-size: medium;\">Rettungshundef\u00fchrer\/innen gehen niemals allein in den Einsatz. Sie sind immer in Begleitung von mindestens einem Helfer\/in, die sie bei Bedarf absichern und bei verschiedenen Aufgaben wie Orientierung, Funk, Hilfeleistung und Versorgung des Hundes unterst\u00fctzen.\u00a0 Auch das Training funktioniert nur im Team. Daher ist es unerl\u00e4sslich, dass unsere Mitglieder teamf\u00e4hig sind und Spa\u00df daran haben, mit anderen zu arbeiten.<\/span><\/span><\/p>\n<p align=\"left\"><strong><span style=\"color: #0000ca; font-family: Verdana, Arial, Helvetica, sans-serif; font-size: medium;\">Pr\u00fcfung der Einsatzf\u00e4higkeit<\/span><\/strong><\/p>\n<p align=\"left\"><span style=\"color: #0000ca; font-family: Verdana, Arial, Helvetica, sans-serif; font-size: medium;\"><span style=\"color: #000000; font-family: Verdana, Arial, Helvetica, sans-serif; font-size: medium;\">Unsere Rettungshundeteams legen Einsatzf\u00e4higkeitspr\u00fcfungen ab. Dabei ist innerhalb einer halben Stunde eine Fl\u00e4che von <\/span><\/span><span style=\"color: #000000; font-family: Verdana, Arial, Helvetica, sans-serif; font-size: medium;\">50.000m\u00b2<\/span>\u00a0<span style=\"color: #000000; font-family: Verdana, Arial, Helvetica, sans-serif; font-size: medium;\">zuverl\u00e4ssig abzusuchen.<\/span><span style=\"color: #000000; font-family: Verdana, Arial, Helvetica, sans-serif; font-size: medium;\">\u00a0Dar\u00fcber hinaus werden Einsatztaktik, Erste Hilfe an Mensch und Hund, Karte und Kompass sowie das Funkverhalten gepr\u00fcft. Um zur Fl\u00e4chensuche zugelassen zu werden, ist ein erfolgreiches Absolvieren des Pr\u00fcfungsteils Unterordnung notwendig, der \u00e4hnlich einer Begleithundepr\u00fcfung aufgebaut ist.<\/span><\/p>\n<p align=\"left\"><span style=\"color: #0000ca; font-family: Verdana, Arial, Helvetica, sans-serif; font-size: medium;\"><span style=\"color: #000000; font-family: Verdana, Arial, Helvetica, sans-serif; font-size: medium;\">Die Pr\u00fcfung erfolgt grunds\u00e4tzlich in einem unbekannten Gebiet, das au\u00dferhalb unseres Trainingsbereichs liegt. Als vermisste Person fungieren fremde Personen.<\/span><\/span><\/p>\n<\/div><\/div><\/div><\/div><\/div>\n","protected":false},"excerpt":{"rendered":"","protected":false},"author":1,"featured_media":1683,"parent":0,"menu_order":0,"comment_status":"closed","ping_status":"closed","template":"","meta":{"footnotes":""},"yoast_head":"<!-- This site is optimized with the Yoast SEO plugin v23.5 - https:\/\/yoast.com\/wordpress\/plugins\/seo\/ -->\n<title>Fl\u00e4chensuche - Suchhundestaffel Werra-Mei\u00dfner e.V.<\/title>\n<meta name=\"robots\" content=\"index, follow, max-snippet:-1, max-image-preview:large, max-video-preview:-1\" \/>\n<link rel=\"canonical\" href=\"https:\/\/shswm.de\/?page_id=1454\" \/>\n<meta property=\"og:locale\" content=\"de_DE\" \/>\n<meta property=\"og:type\" content=\"article\" \/>\n<meta property=\"og:title\" content=\"Fl\u00e4chensuche - Suchhundestaffel Werra-Mei\u00dfner e.V.\" \/>\n<meta property=\"og:url\" content=\"https:\/\/shswm.de\/?page_id=1454\" \/>\n<meta property=\"og:site_name\" content=\"Suchhundestaffel Werra-Mei\u00dfner e.V.\" \/>\n<meta property=\"article:modified_time\" content=\"2026-01-22T12:10:17+00:00\" \/>\n<meta property=\"og:image\" content=\"https:\/\/shswm.de\/wp-content\/uploads\/2022\/07\/Flaeche-scaled.jpg\" \/>\n\t<meta property=\"og:image:width\" content=\"2560\" \/>\n\t<meta property=\"og:image:height\" content=\"1707\" \/>\n\t<meta property=\"og:image:type\" content=\"image\/jpeg\" \/>\n<meta name=\"twitter:card\" content=\"summary_large_image\" \/>\n<meta name=\"twitter:label1\" content=\"Gesch\u00e4tzte Lesezeit\" \/>\n\t<meta name=\"twitter:data1\" content=\"4 Minuten\" \/>\n<script type=\"application\/ld+json\" class=\"yoast-schema-graph\">{\"@context\":\"https:\/\/schema.org\",\"@graph\":[{\"@type\":\"WebPage\",\"@id\":\"https:\/\/shswm.de\/?page_id=1454\",\"url\":\"https:\/\/shswm.de\/?page_id=1454\",\"name\":\"Fl\u00e4chensuche - Suchhundestaffel Werra-Mei\u00dfner e.V.\",\"isPartOf\":{\"@id\":\"https:\/\/shswm.de\/#website\"},\"primaryImageOfPage\":{\"@id\":\"https:\/\/shswm.de\/?page_id=1454#primaryimage\"},\"image\":{\"@id\":\"https:\/\/shswm.de\/?page_id=1454#primaryimage\"},\"thumbnailUrl\":\"https:\/\/shswm.de\/wp-content\/uploads\/2022\/07\/Flaeche-scaled.jpg\",\"datePublished\":\"2022-07-05T15:47:09+00:00\",\"dateModified\":\"2026-01-22T12:10:17+00:00\",\"breadcrumb\":{\"@id\":\"https:\/\/shswm.de\/?page_id=1454#breadcrumb\"},\"inLanguage\":\"de-DE\",\"potentialAction\":[{\"@type\":\"ReadAction\",\"target\":[\"https:\/\/shswm.de\/?page_id=1454\"]}]},{\"@type\":\"ImageObject\",\"inLanguage\":\"de-DE\",\"@id\":\"https:\/\/shswm.de\/?page_id=1454#primaryimage\",\"url\":\"https:\/\/shswm.de\/wp-content\/uploads\/2022\/07\/Flaeche-scaled.jpg\",\"contentUrl\":\"https:\/\/shswm.de\/wp-content\/uploads\/2022\/07\/Flaeche-scaled.jpg\",\"width\":2560,\"height\":1707},{\"@type\":\"BreadcrumbList\",\"@id\":\"https:\/\/shswm.de\/?page_id=1454#breadcrumb\",\"itemListElement\":[{\"@type\":\"ListItem\",\"position\":1,\"name\":\"Startseite\",\"item\":\"https:\/\/shswm.de\/\"},{\"@type\":\"ListItem\",\"position\":2,\"name\":\"Fl\u00e4chensuche\"}]},{\"@type\":\"WebSite\",\"@id\":\"https:\/\/shswm.de\/#website\",\"url\":\"https:\/\/shswm.de\/\",\"name\":\"Suchhundestaffel Werra-Mei\u00dfner e.V.\",\"description\":\"Wir helfen Leben retten suchhundestaffel suchhundestaffelkassel rettungshundeverein\",\"potentialAction\":[{\"@type\":\"SearchAction\",\"target\":{\"@type\":\"EntryPoint\",\"urlTemplate\":\"https:\/\/shswm.de\/?s={search_term_string}\"},\"query-input\":{\"@type\":\"PropertyValueSpecification\",\"valueRequired\":true,\"valueName\":\"search_term_string\"}}],\"inLanguage\":\"de-DE\"}]}<\/script>\n<!-- \/ Yoast SEO plugin. -->","yoast_head_json":{"title":"Fl\u00e4chensuche - Suchhundestaffel Werra-Mei\u00dfner e.V.","robots":{"index":"index","follow":"follow","max-snippet":"max-snippet:-1","max-image-preview":"max-image-preview:large","max-video-preview":"max-video-preview:-1"},"canonical":"https:\/\/shswm.de\/?page_id=1454","og_locale":"de_DE","og_type":"article","og_title":"Fl\u00e4chensuche - Suchhundestaffel Werra-Mei\u00dfner e.V.","og_url":"https:\/\/shswm.de\/?page_id=1454","og_site_name":"Suchhundestaffel Werra-Mei\u00dfner e.V.","article_modified_time":"2026-01-22T12:10:17+00:00","og_image":[{"width":2560,"height":1707,"url":"https:\/\/shswm.de\/wp-content\/uploads\/2022\/07\/Flaeche-scaled.jpg","type":"image\/jpeg"}],"twitter_card":"summary_large_image","twitter_misc":{"Gesch\u00e4tzte Lesezeit":"4 Minuten"},"schema":{"@context":"https:\/\/schema.org","@graph":[{"@type":"WebPage","@id":"https:\/\/shswm.de\/?page_id=1454","url":"https:\/\/shswm.de\/?page_id=1454","name":"Fl\u00e4chensuche - Suchhundestaffel Werra-Mei\u00dfner e.V.","isPartOf":{"@id":"https:\/\/shswm.de\/#website"},"primaryImageOfPage":{"@id":"https:\/\/shswm.de\/?page_id=1454#primaryimage"},"image":{"@id":"https:\/\/shswm.de\/?page_id=1454#primaryimage"},"thumbnailUrl":"https:\/\/shswm.de\/wp-content\/uploads\/2022\/07\/Flaeche-scaled.jpg","datePublished":"2022-07-05T15:47:09+00:00","dateModified":"2026-01-22T12:10:17+00:00","breadcrumb":{"@id":"https:\/\/shswm.de\/?page_id=1454#breadcrumb"},"inLanguage":"de-DE","potentialAction":[{"@type":"ReadAction","target":["https:\/\/shswm.de\/?page_id=1454"]}]},{"@type":"ImageObject","inLanguage":"de-DE","@id":"https:\/\/shswm.de\/?page_id=1454#primaryimage","url":"https:\/\/shswm.de\/wp-content\/uploads\/2022\/07\/Flaeche-scaled.jpg","contentUrl":"https:\/\/shswm.de\/wp-content\/uploads\/2022\/07\/Flaeche-scaled.jpg","width":2560,"height":1707},{"@type":"BreadcrumbList","@id":"https:\/\/shswm.de\/?page_id=1454#breadcrumb","itemListElement":[{"@type":"ListItem","position":1,"name":"Startseite","item":"https:\/\/shswm.de\/"},{"@type":"ListItem","position":2,"name":"Fl\u00e4chensuche"}]},{"@type":"WebSite","@id":"https:\/\/shswm.de\/#website","url":"https:\/\/shswm.de\/","name":"Suchhundestaffel Werra-Mei\u00dfner e.V.","description":"Wir helfen Leben retten suchhundestaffel suchhundestaffelkassel rettungshundeverein","potentialAction":[{"@type":"SearchAction","target":{"@type":"EntryPoint","urlTemplate":"https:\/\/shswm.de\/?s={search_term_string}"},"query-input":{"@type":"PropertyValueSpecification","valueRequired":true,"valueName":"search_term_string"}}],"inLanguage":"de-DE"}]}},"_links":{"self":[{"href":"https:\/\/shswm.de\/index.php?rest_route=\/wp\/v2\/pages\/1454"}],"collection":[{"href":"https:\/\/shswm.de\/index.php?rest_route=\/wp\/v2\/pages"}],"about":[{"href":"https:\/\/shswm.de\/index.php?rest_route=\/wp\/v2\/types\/page"}],"author":[{"embeddable":true,"href":"https:\/\/shswm.de\/index.php?rest_route=\/wp\/v2\/users\/1"}],"replies":[{"embeddable":true,"href":"https:\/\/shswm.de\/index.php?rest_route=%2Fwp%2Fv2%2Fcomments&post=1454"}],"version-history":[{"count":6,"href":"https:\/\/shswm.de\/index.php?rest_route=\/wp\/v2\/pages\/1454\/revisions"}],"predecessor-version":[{"id":1729,"href":"https:\/\/shswm.de\/index.php?rest_route=\/wp\/v2\/pages\/1454\/revisions\/1729"}],"wp:featuredmedia":[{"embeddable":true,"href":"https:\/\/shswm.de\/index.php?rest_route=\/wp\/v2\/media\/1683"}],"wp:attachment":[{"href":"https:\/\/shswm.de\/index.php?rest_route=%2Fwp%2Fv2%2Fmedia&parent=1454"}],"curies":[{"name":"wp","href":"https:\/\/api.w.org\/{rel}","templated":true}]}}