{"id":1456,"date":"2022-07-05T15:48:20","date_gmt":"2022-07-05T15:48:20","guid":{"rendered":"https:\/\/shswm.de\/?page_id=1456"},"modified":"2026-01-22T12:14:46","modified_gmt":"2026-01-22T12:14:46","slug":"mantrailing","status":"publish","type":"page","link":"https:\/\/shswm.de\/?page_id=1456","title":{"rendered":"Mantrailing"},"content":{"rendered":"<div class=\"fusion-fullwidth fullwidth-box fusion-builder-row-1 fusion-flex-container has-pattern-background has-mask-background nonhundred-percent-fullwidth non-hundred-percent-height-scrolling\" style=\"--awb-border-radius-top-left:0px;--awb-border-radius-top-right:0px;--awb-border-radius-bottom-right:0px;--awb-border-radius-bottom-left:0px;--awb-flex-wrap:wrap;\" ><div class=\"fusion-builder-row fusion-row fusion-flex-align-items-flex-start fusion-flex-content-wrap\" style=\"max-width:1289.6px;margin-left: calc(-4% \/ 2 );margin-right: calc(-4% \/ 2 );\"><div class=\"fusion-layout-column fusion_builder_column fusion-builder-column-0 fusion_builder_column_1_1 1_1 fusion-flex-column\" style=\"--awb-bg-size:cover;--awb-width-large:100%;--awb-margin-top-large:0px;--awb-spacing-right-large:1.92%;--awb-margin-bottom-large:40px;--awb-spacing-left-large:1.92%;--awb-width-medium:100%;--awb-order-medium:0;--awb-spacing-right-medium:1.92%;--awb-spacing-left-medium:1.92%;--awb-width-small:100%;--awb-order-small:0;--awb-spacing-right-small:1.92%;--awb-spacing-left-small:1.92%;\"><div class=\"fusion-column-wrapper fusion-column-has-shadow fusion-flex-justify-content-flex-start fusion-content-layout-column\"><div class=\"fusion-text fusion-text-1\"><p align=\"left\"><strong><span style=\"color: #0000ca; font-family: Verdana, Arial, Helvetica, sans-serif; font-size: medium;\">2. Personensp\u00fcrhund (Mantrailer)<\/span><\/strong><\/p>\n<p align=\"left\"><span style=\"font-family: Verdana, Arial, Helvetica, sans-serif; font-size: medium;\"><strong><span style=\"color: #0000ca;\">Die Aufgabe des Hundes<\/span><\/strong><\/span><\/p>\n<p><span style=\"color: #0000ca; font-family: Verdana, Arial, Helvetica, sans-serif; font-size: medium;\"><span style=\"color: #000000;\">Die Aufgabe des Personensp\u00fcrhundes ist, mit seinem\/seiner Hundef\u00fchrer\/in der Individualspur eines Menschen auf unterschiedlichsten Untergr\u00fcnden und wechselnden Umgebungen zu folgen und seinem\/seiner Hundef\u00fchrer\/in zuverl\u00e4ssig anzuzeigen, wenn er die gesuchte Person gefunden hat oder die Individualspurt (zum Beispiel an einer Bushaltestelle oder auf einem Parkplatz) endet. Dabei tr\u00e4gt er ein Geschirr und wird an der Leine gef\u00fchrt.<\/span><\/span><\/p>\n<p><span style=\"color: #0000ca; font-family: Verdana, Arial, Helvetica, sans-serif; font-size: medium;\"><span style=\"color: #000000;\">Ziel der Ausbildung ist es, den Hund auf die zuverl\u00e4ssige Verfolgung der Individualspur einer konkreten Person und zuverl\u00e4ssige Anzeigen zu trainieren. Der Einstieg in die Sucharbeit erfolgt \u00fcber kurze, hochmotivierte Suchen. Der Spa\u00df an der neuen Aufgabe steht f\u00fcr den Hund absolut im Vordergrund. Das Auffinden der gesuchten Person muss ein absolutes Erfolgserlebnis, verbunden mit einer Belohnung, sein. Je nach der Wesensart des Hundes kann die Belohnung in Form von Leckerlis, Spielen oder Herumtoben bestehen.<\/span><\/span><\/p>\n<p><span style=\"color: #0000ca; font-family: Verdana, Arial, Helvetica, sans-serif; font-size: medium;\"><span style=\"color: #000000;\">Behutsam und in kleinen, sinnvollen Entwicklungsschritten werden die Anforderungen an den Hund gesteigert. Er muss seine Suchtechnik sowie die eigenst\u00e4ndige Probleml\u00f6sung erlernen und immer motiviert sein. Ohne Zwang und Druck sondern \u00fcber Motivation und positive Verst\u00e4rkung vermitteln wir unseren Hunden die entsprechenden Fertigkeiten.\u00a0<\/span><\/span><\/p>\n<p><span style=\"color: #0000ca; font-family: Verdana, Arial, Helvetica, sans-serif; font-size: medium;\"><span style=\"color: #000000;\">Die Anzeige, dass die konkret gesuchte Person gefunden wurde oder die Individualspurt endet, muss eindeutig sein, da das Mantrailer-Team bei der Suche in der Regel auch auf Personen (Passanten, Angeh\u00f6rige und andere) trifft. Der Hund muss anhand des Geruchsgegenstandes, den er zu Beginn der Suche zu riechen bekommen hat, eindeutig differenzieren, ob es sich bei der Begegnung mit Personen um die konkret gesuchte Person handelt oder nicht. Im negativen Fall ignoriert er die Person(en) und setzt die Suche fort, im positiven Fall zeigt er die Person seinem\/seiner Hundef\u00fchrer\/in an. Diese Anzeige erfolgt, je nachdem, welche Form der Hund im Rahmen seiner Ausbildung anbietet, zum Beispiel durch Vorsitzen, Verbellen oder Anspringen des\/der Hundef\u00fchrers\/Hundef\u00fchrerin.\u00a0<\/span><\/span><\/p>\n<p><strong><span style=\"color: #0000ca; font-family: Verdana, Arial, Helvetica, sans-serif; font-size: medium;\">Aufgabe des Menschen<\/span><\/strong><\/p>\n<p align=\"left\"><span style=\"color: #0000ca; font-family: Verdana, Arial, Helvetica, sans-serif; font-size: medium;\"><span style=\"color: #000000; font-family: Verdana, Arial, Helvetica, sans-serif; font-size: medium;\">Der\/die Hundef\u00fchrer\/in muss in der Lage sein, seinen\/ihren Hund zu ,,lesen&#8220; <em>richtig\u00a0<\/em><\/span><span style=\"color: #000000; font-family: Verdana, Arial, Helvetica, sans-serif; font-size: medium;\">zu\u00a0<em>interpretieren.<\/em> Der Erfolg des Mantrailer-Teams ist wesentlich davon abh\u00e4ngig, dass er\/sie die Signale seines\/ihres Hundes erkennt und darauf entsprechend reagiert. Es ist keineswegs so, dass der\/die Hundef\u00fchrer\/in\u00a0 passiv die Leine h\u00e4lt und nur hinter dem Hund her l\u00e4uft. Die richtige Leinenf\u00fchrung ist ein entscheidender Faktor f\u00fcr das Suchverhalten des Hundes und die Sicherheit des Mantrailer-Teams. \u00dcber die Leine sendet der\/die Hundef\u00fchrer\/in bewusst oder unbewusst Signale an den Hund, die ihn bei der Suche beeinflussen. <\/span><\/span><\/p>\n<p align=\"left\"><span style=\"color: #0000ca; font-family: Verdana, Arial, Helvetica, sans-serif; font-size: medium;\"><span style=\"color: #000000; font-family: Verdana, Arial, Helvetica, sans-serif; font-size: medium;\">Der\/die Hundef\u00fchrer\/in ist f\u00fcr die Sicherheit des eingesetzten Teams und seines\/ihres Hundes verantwortlich. Vor dem Start einer Suche beurteilt er\/sie unter Beachtung der Grunds\u00e4tze der Eigensicherung m\u00f6gliche Gef\u00e4hrdungen f\u00fcr sein\/ihr Team und richtet sein\/ihr Vorgehen danach aus.\u00a0<\/span><\/span><\/p>\n<p align=\"left\"><span style=\"color: #0000ca; font-family: Verdana, Arial, Helvetica, sans-serif; font-size: medium;\"><span style=\"color: #000000; font-family: Verdana, Arial, Helvetica, sans-serif; font-size: medium;\">Er\/sie muss bei Auffinden einer vermissten Person deren Zustand\/Verhalten unter Beachtung der Grunds\u00e4tze der Eigensicherung beurteilen, gegebenenfalls die Erstversorgung durchf\u00fchren und sie betreuen bis der Rettungsdienst vor Ort ist. Damit dies m\u00f6glichst schnell geschieht, muss er\/sie sowohl seinen aktuellen <em>Standort sicher bestimmen<\/em> als auch das <em>Funkger\u00e4t bedienen k\u00f6nnen<\/em>. Rettungshundef\u00fchrer\/innen gehen niemals allein mit einem Hund in den Einsatz. Sie sind immer in Begleitung von mindestens einem Helfer oder einer Helferin, die sie bei Bedarf absichern und bei verschiedenen Aufgaben wie Orientierung, Funk, Hilfeleistung und Versorgung des Hundes unterst\u00fctzen. Auch das Training funktioniert nur im Team. Daher ist es unerl\u00e4sslich, dass unsere Mitglieder teamf\u00e4hig sind und Spa\u00df daran haben, mit anderen zu arbeiten.<\/span><\/span><\/p>\n<p align=\"left\"><span style=\"color: #0000ca; font-family: Verdana, Arial, Helvetica, sans-serif; font-size: medium;\"><span style=\"color: #000000; font-family: Verdana, Arial, Helvetica, sans-serif; font-size: medium;\"><span style=\"font-family: Verdana, Arial, Helvetica, sans-serif; font-size: medium;\"><strong><span style=\"color: #0000ca;\">Pr\u00fcfung der Einsatzf\u00e4higkeit\u00a0<\/span><\/strong><\/span><\/span><\/span><\/p>\n<p align=\"left\"><span style=\"color: #0000ca; font-family: Verdana, Arial, Helvetica, sans-serif; font-size: medium;\"><span style=\"color: #000000; font-family: Verdana, Arial, Helvetica, sans-serif; font-size: medium;\">Unsere Rettungshundeteams legen Einsatzf\u00e4higkeitspr\u00fcfungen ab. F\u00fcr jedes einzelne Mantrailer-Team erfolgt anschlie\u00dfend noch eine Sichtung durch die hessische Polizei. Dabei muss jedes Team eine 24 Stunden alte Individualspur erfolgreich aufnehmen und dieser zuverl\u00e4ssig folgen. Erst nach erfolgreicher Sichtung darf das Team von der Polizei angefordert werden und Eins\u00e4tze \u00fcbernehmen.\u00a0<\/span><\/span><\/p>\n<\/div><\/div><\/div><\/div><\/div>\n","protected":false},"excerpt":{"rendered":"","protected":false},"author":1,"featured_media":1686,"parent":0,"menu_order":0,"comment_status":"closed","ping_status":"closed","template":"","meta":{"footnotes":""},"yoast_head":"<!-- This site is optimized with the Yoast SEO plugin v23.5 - https:\/\/yoast.com\/wordpress\/plugins\/seo\/ -->\n<title>Mantrailing - Suchhundestaffel Werra-Mei\u00dfner e.V.<\/title>\n<meta name=\"robots\" content=\"index, follow, max-snippet:-1, max-image-preview:large, max-video-preview:-1\" \/>\n<link rel=\"canonical\" href=\"https:\/\/shswm.de\/?page_id=1456\" \/>\n<meta property=\"og:locale\" content=\"de_DE\" \/>\n<meta property=\"og:type\" content=\"article\" \/>\n<meta property=\"og:title\" content=\"Mantrailing - Suchhundestaffel Werra-Mei\u00dfner e.V.\" \/>\n<meta property=\"og:url\" content=\"https:\/\/shswm.de\/?page_id=1456\" \/>\n<meta property=\"og:site_name\" content=\"Suchhundestaffel Werra-Mei\u00dfner e.V.\" \/>\n<meta property=\"article:modified_time\" content=\"2026-01-22T12:14:46+00:00\" \/>\n<meta property=\"og:image\" content=\"https:\/\/shswm.de\/wp-content\/uploads\/2022\/07\/Lilifee-beim-Trailen-scaled.jpg\" \/>\n\t<meta property=\"og:image:width\" content=\"2560\" \/>\n\t<meta property=\"og:image:height\" content=\"1920\" \/>\n\t<meta property=\"og:image:type\" content=\"image\/jpeg\" \/>\n<meta name=\"twitter:card\" content=\"summary_large_image\" \/>\n<meta name=\"twitter:label1\" content=\"Gesch\u00e4tzte Lesezeit\" \/>\n\t<meta name=\"twitter:data1\" content=\"4 Minuten\" \/>\n<script type=\"application\/ld+json\" class=\"yoast-schema-graph\">{\"@context\":\"https:\/\/schema.org\",\"@graph\":[{\"@type\":\"WebPage\",\"@id\":\"https:\/\/shswm.de\/?page_id=1456\",\"url\":\"https:\/\/shswm.de\/?page_id=1456\",\"name\":\"Mantrailing - Suchhundestaffel Werra-Mei\u00dfner e.V.\",\"isPartOf\":{\"@id\":\"https:\/\/shswm.de\/#website\"},\"primaryImageOfPage\":{\"@id\":\"https:\/\/shswm.de\/?page_id=1456#primaryimage\"},\"image\":{\"@id\":\"https:\/\/shswm.de\/?page_id=1456#primaryimage\"},\"thumbnailUrl\":\"https:\/\/shswm.de\/wp-content\/uploads\/2022\/07\/Lilifee-beim-Trailen-scaled.jpg\",\"datePublished\":\"2022-07-05T15:48:20+00:00\",\"dateModified\":\"2026-01-22T12:14:46+00:00\",\"breadcrumb\":{\"@id\":\"https:\/\/shswm.de\/?page_id=1456#breadcrumb\"},\"inLanguage\":\"de-DE\",\"potentialAction\":[{\"@type\":\"ReadAction\",\"target\":[\"https:\/\/shswm.de\/?page_id=1456\"]}]},{\"@type\":\"ImageObject\",\"inLanguage\":\"de-DE\",\"@id\":\"https:\/\/shswm.de\/?page_id=1456#primaryimage\",\"url\":\"https:\/\/shswm.de\/wp-content\/uploads\/2022\/07\/Lilifee-beim-Trailen-scaled.jpg\",\"contentUrl\":\"https:\/\/shswm.de\/wp-content\/uploads\/2022\/07\/Lilifee-beim-Trailen-scaled.jpg\",\"width\":2560,\"height\":1920,\"caption\":\"OLYMPUS DIGITAL CAMERA\"},{\"@type\":\"BreadcrumbList\",\"@id\":\"https:\/\/shswm.de\/?page_id=1456#breadcrumb\",\"itemListElement\":[{\"@type\":\"ListItem\",\"position\":1,\"name\":\"Startseite\",\"item\":\"https:\/\/shswm.de\/\"},{\"@type\":\"ListItem\",\"position\":2,\"name\":\"Mantrailing\"}]},{\"@type\":\"WebSite\",\"@id\":\"https:\/\/shswm.de\/#website\",\"url\":\"https:\/\/shswm.de\/\",\"name\":\"Suchhundestaffel Werra-Mei\u00dfner e.V.\",\"description\":\"Wir helfen Leben retten suchhundestaffel suchhundestaffelkassel rettungshundeverein\",\"potentialAction\":[{\"@type\":\"SearchAction\",\"target\":{\"@type\":\"EntryPoint\",\"urlTemplate\":\"https:\/\/shswm.de\/?s={search_term_string}\"},\"query-input\":{\"@type\":\"PropertyValueSpecification\",\"valueRequired\":true,\"valueName\":\"search_term_string\"}}],\"inLanguage\":\"de-DE\"}]}<\/script>\n<!-- \/ Yoast SEO plugin. -->","yoast_head_json":{"title":"Mantrailing - Suchhundestaffel Werra-Mei\u00dfner e.V.","robots":{"index":"index","follow":"follow","max-snippet":"max-snippet:-1","max-image-preview":"max-image-preview:large","max-video-preview":"max-video-preview:-1"},"canonical":"https:\/\/shswm.de\/?page_id=1456","og_locale":"de_DE","og_type":"article","og_title":"Mantrailing - Suchhundestaffel Werra-Mei\u00dfner e.V.","og_url":"https:\/\/shswm.de\/?page_id=1456","og_site_name":"Suchhundestaffel Werra-Mei\u00dfner e.V.","article_modified_time":"2026-01-22T12:14:46+00:00","og_image":[{"width":2560,"height":1920,"url":"https:\/\/shswm.de\/wp-content\/uploads\/2022\/07\/Lilifee-beim-Trailen-scaled.jpg","type":"image\/jpeg"}],"twitter_card":"summary_large_image","twitter_misc":{"Gesch\u00e4tzte Lesezeit":"4 Minuten"},"schema":{"@context":"https:\/\/schema.org","@graph":[{"@type":"WebPage","@id":"https:\/\/shswm.de\/?page_id=1456","url":"https:\/\/shswm.de\/?page_id=1456","name":"Mantrailing - Suchhundestaffel Werra-Mei\u00dfner e.V.","isPartOf":{"@id":"https:\/\/shswm.de\/#website"},"primaryImageOfPage":{"@id":"https:\/\/shswm.de\/?page_id=1456#primaryimage"},"image":{"@id":"https:\/\/shswm.de\/?page_id=1456#primaryimage"},"thumbnailUrl":"https:\/\/shswm.de\/wp-content\/uploads\/2022\/07\/Lilifee-beim-Trailen-scaled.jpg","datePublished":"2022-07-05T15:48:20+00:00","dateModified":"2026-01-22T12:14:46+00:00","breadcrumb":{"@id":"https:\/\/shswm.de\/?page_id=1456#breadcrumb"},"inLanguage":"de-DE","potentialAction":[{"@type":"ReadAction","target":["https:\/\/shswm.de\/?page_id=1456"]}]},{"@type":"ImageObject","inLanguage":"de-DE","@id":"https:\/\/shswm.de\/?page_id=1456#primaryimage","url":"https:\/\/shswm.de\/wp-content\/uploads\/2022\/07\/Lilifee-beim-Trailen-scaled.jpg","contentUrl":"https:\/\/shswm.de\/wp-content\/uploads\/2022\/07\/Lilifee-beim-Trailen-scaled.jpg","width":2560,"height":1920,"caption":"OLYMPUS DIGITAL CAMERA"},{"@type":"BreadcrumbList","@id":"https:\/\/shswm.de\/?page_id=1456#breadcrumb","itemListElement":[{"@type":"ListItem","position":1,"name":"Startseite","item":"https:\/\/shswm.de\/"},{"@type":"ListItem","position":2,"name":"Mantrailing"}]},{"@type":"WebSite","@id":"https:\/\/shswm.de\/#website","url":"https:\/\/shswm.de\/","name":"Suchhundestaffel Werra-Mei\u00dfner e.V.","description":"Wir helfen Leben retten suchhundestaffel suchhundestaffelkassel rettungshundeverein","potentialAction":[{"@type":"SearchAction","target":{"@type":"EntryPoint","urlTemplate":"https:\/\/shswm.de\/?s={search_term_string}"},"query-input":{"@type":"PropertyValueSpecification","valueRequired":true,"valueName":"search_term_string"}}],"inLanguage":"de-DE"}]}},"_links":{"self":[{"href":"https:\/\/shswm.de\/index.php?rest_route=\/wp\/v2\/pages\/1456"}],"collection":[{"href":"https:\/\/shswm.de\/index.php?rest_route=\/wp\/v2\/pages"}],"about":[{"href":"https:\/\/shswm.de\/index.php?rest_route=\/wp\/v2\/types\/page"}],"author":[{"embeddable":true,"href":"https:\/\/shswm.de\/index.php?rest_route=\/wp\/v2\/users\/1"}],"replies":[{"embeddable":true,"href":"https:\/\/shswm.de\/index.php?rest_route=%2Fwp%2Fv2%2Fcomments&post=1456"}],"version-history":[{"count":6,"href":"https:\/\/shswm.de\/index.php?rest_route=\/wp\/v2\/pages\/1456\/revisions"}],"predecessor-version":[{"id":1746,"href":"https:\/\/shswm.de\/index.php?rest_route=\/wp\/v2\/pages\/1456\/revisions\/1746"}],"wp:featuredmedia":[{"embeddable":true,"href":"https:\/\/shswm.de\/index.php?rest_route=\/wp\/v2\/media\/1686"}],"wp:attachment":[{"href":"https:\/\/shswm.de\/index.php?rest_route=%2Fwp%2Fv2%2Fmedia&parent=1456"}],"curies":[{"name":"wp","href":"https:\/\/api.w.org\/{rel}","templated":true}]}}