{"id":1458,"date":"2022-07-05T15:48:53","date_gmt":"2022-07-05T15:48:53","guid":{"rendered":"https:\/\/shswm.de\/?page_id=1458"},"modified":"2026-01-22T12:12:35","modified_gmt":"2026-01-22T12:12:35","slug":"helfer-einsatzleitung","status":"publish","type":"page","link":"https:\/\/shswm.de\/?page_id=1458","title":{"rendered":"Kooperation \/ Einsatzleitung"},"content":{"rendered":"<p><div class=\"fusion-fullwidth fullwidth-box fusion-builder-row-1 fusion-flex-container nonhundred-percent-fullwidth non-hundred-percent-height-scrolling\" style=\"--awb-border-radius-top-left:0px;--awb-border-radius-top-right:0px;--awb-border-radius-bottom-right:0px;--awb-border-radius-bottom-left:0px;--awb-flex-wrap:wrap;\" ><div class=\"fusion-builder-row fusion-row fusion-flex-align-items-flex-start fusion-flex-content-wrap\" style=\"max-width:1289.6px;margin-left: calc(-4% \/ 2 );margin-right: calc(-4% \/ 2 );\"><div class=\"fusion-layout-column fusion_builder_column fusion-builder-column-0 fusion_builder_column_1_1 1_1 fusion-flex-column\" style=\"--awb-bg-size:cover;--awb-width-large:100%;--awb-margin-top-large:0px;--awb-spacing-right-large:1.92%;--awb-margin-bottom-large:0px;--awb-spacing-left-large:1.92%;--awb-width-medium:100%;--awb-spacing-right-medium:1.92%;--awb-spacing-left-medium:1.92%;--awb-width-small:100%;--awb-spacing-right-small:1.92%;--awb-spacing-left-small:1.92%;\"><div class=\"fusion-column-wrapper fusion-flex-justify-content-flex-start fusion-content-layout-column\"><div class=\"fusion-text fusion-text-1\"><p class=\"stil1\" style=\"box-sizing: border-box; margin: 0cm 0cm 15.0pt 0cm;\"><span style=\"font-family: 'Verdana','sans-serif'; color: black;\">Ist ein Mensch vermisst und muss gesucht werden, z\u00e4hlt unter Umst\u00e4nden jede Minute. Nach unserem Selbstverst\u00e4ndnis ist es f\u00fcr den Betroffenen, sein Angeh\u00f6rigen und die an der Suche beteiligten Mensch erst einmal unerheblich, welcher Organisation die Suchenden angeh\u00f6ren und welche Einsatzmittel dabei zum Einsatz kommen. Im Einsatz geht es immer und vorrangig nur um eine erfolgreiche Suche. <\/span><\/p>\n<p class=\"stil1\" style=\"box-sizing: border-box; margin: 0cm 0cm 15.0pt 0cm;\"><span style=\"font-family: 'Verdana','sans-serif'; color: black;\">Erkennen wir bei einem Einsatz, dass unsere eigenen Ressourcen nicht ausreichen oder an ihre Grenzen kommen, schlagen wir der zust\u00e4ndigen Einsatzleitung ohne Z\u00f6gern das Nachalarmieren weiterer Kr\u00e4fte vor. Sind wir mit anderen Organisationen gemeinsam in einem Einsatz, ist uns die zielorientierte Zusammenarbeit wichtig. Die einheiten-\/organisations\u00fcbergreifende Abstimmung und Koordination der einzelnen Ma\u00dfnahmen ist entscheidend f\u00fcr einen erfolgreichen Einsatz. <\/span><\/p>\n<p style=\"box-sizing: border-box; margin: 0cm 0cm 15.0pt 0cm;\"><span style=\"box-sizing: border-box;\"><b><span style=\"font-family: 'Verdana','sans-serif'; color: #0000ca;\">Kooperation mit der DRK Ortsvereinigung Hessisch Lichtenau<\/span><\/b><\/span><\/p>\n<p style=\"box-sizing: border-box; margin: 0cm 0cm 15.0pt 0cm;\"><span style=\"box-sizing: border-box;\"><span style=\"font-family: 'Verdana','sans-serif'; color: black;\">Mit der DRK Ortsvereinigung Hessisch Lichtenau verbindet uns bereits seit Jahren eine nicht allt\u00e4gliche Form der Zusammenarbeit. Im Gegensatz zu dem leider noch allzu h\u00e4ufig vorherrschendem Organisationsdenken geht es hier in erster Linie darum, die jeweiligen Kompetenzen zielgerichtet einzubringen, um effektiv Hilfe zu leisten. Daher sind wir ganz besonders stolz darauf! <\/span><\/span><\/p>\n<p style=\"box-sizing: border-box; margin: 0cm 0cm 15.0pt 0cm;\"><span style=\"box-sizing: border-box;\"><span style=\"font-family: 'Verdana','sans-serif'; color: black;\">Neben gemeinsamen Trainings und \u00dcbungen, der Bereitstellung f\u00fcr R\u00e4umlichkeiten f\u00fcr unsere Theorieausbildung unterst\u00fctzt uns die DRK-OV auch mit Personal und Sachmitteln bei unseren Eins\u00e4tzen. Bei der Suche nach vermissten Personen obliegt die Einsatzleitung in der Regel der Polizei. In gr\u00f6\u00dferen Einsatzlagen bilden die verschiedenen beteiligten Hilfsorganisationen eigene Einsatzabschnittsleitungen. Da wir selbst nicht \u00fcber die erforderlichen technischen und personellen Ressourcen f\u00fcr eine eigene Einsatzabschnittleitung verf\u00fcgen, unterst\u00fctzt uns die DRK-OV mit ihrem Einsatzleitwagen einschlie\u00dflich Besatzung. Diese versorgt unsere Rettungshundeteams in Abstimmung mit unserer internen Einsatzleitung unter anderem mit Kartenmaterial des abzusuchenden Gebiets, \u00fcbernimmt den Funkverkehr mit den Teams, dokumentiert den Einsatzverlauf und ist unsere zentrale Schnittstelle zur Einsatzleitung und den anderen beteiligten Organisationen.\u00a0<\/span><\/span><\/p>\n<\/div><\/div><\/div><\/div><\/div><div class=\"fusion-fullwidth fullwidth-box fusion-builder-row-2 fusion-flex-container has-pattern-background has-mask-background nonhundred-percent-fullwidth non-hundred-percent-height-scrolling\" style=\"--awb-border-radius-top-left:0px;--awb-border-radius-top-right:0px;--awb-border-radius-bottom-right:0px;--awb-border-radius-bottom-left:0px;--awb-flex-wrap:wrap;\" ><div class=\"fusion-builder-row fusion-row fusion-flex-align-items-flex-start fusion-flex-content-wrap\" style=\"max-width:1289.6px;margin-left: calc(-4% \/ 2 );margin-right: calc(-4% \/ 2 );\"><\/div><\/div><\/p>\n","protected":false},"excerpt":{"rendered":"","protected":false},"author":1,"featured_media":1688,"parent":0,"menu_order":0,"comment_status":"closed","ping_status":"closed","template":"","meta":{"footnotes":""},"yoast_head":"<!-- This site is optimized with the Yoast SEO plugin v23.5 - https:\/\/yoast.com\/wordpress\/plugins\/seo\/ -->\n<title>Kooperation \/ Einsatzleitung - Suchhundestaffel Werra-Mei\u00dfner e.V.<\/title>\n<meta name=\"robots\" content=\"index, follow, max-snippet:-1, max-image-preview:large, max-video-preview:-1\" \/>\n<link rel=\"canonical\" href=\"https:\/\/shswm.de\/?page_id=1458\" \/>\n<meta property=\"og:locale\" content=\"de_DE\" \/>\n<meta property=\"og:type\" content=\"article\" \/>\n<meta property=\"og:title\" content=\"Kooperation \/ Einsatzleitung - Suchhundestaffel Werra-Mei\u00dfner e.V.\" \/>\n<meta property=\"og:url\" content=\"https:\/\/shswm.de\/?page_id=1458\" \/>\n<meta property=\"og:site_name\" content=\"Suchhundestaffel Werra-Mei\u00dfner e.V.\" \/>\n<meta property=\"article:modified_time\" content=\"2026-01-22T12:12:35+00:00\" \/>\n<meta property=\"og:image\" content=\"https:\/\/shswm.de\/wp-content\/uploads\/2022\/07\/2022-01-23-Thomas-und-ELW.jpg\" \/>\n\t<meta property=\"og:image:width\" content=\"928\" \/>\n\t<meta property=\"og:image:height\" content=\"835\" \/>\n\t<meta property=\"og:image:type\" content=\"image\/jpeg\" \/>\n<meta name=\"twitter:card\" content=\"summary_large_image\" \/>\n<meta name=\"twitter:label1\" content=\"Gesch\u00e4tzte Lesezeit\" \/>\n\t<meta name=\"twitter:data1\" content=\"2 Minuten\" \/>\n<script type=\"application\/ld+json\" class=\"yoast-schema-graph\">{\"@context\":\"https:\/\/schema.org\",\"@graph\":[{\"@type\":\"WebPage\",\"@id\":\"https:\/\/shswm.de\/?page_id=1458\",\"url\":\"https:\/\/shswm.de\/?page_id=1458\",\"name\":\"Kooperation \/ Einsatzleitung - Suchhundestaffel Werra-Mei\u00dfner e.V.\",\"isPartOf\":{\"@id\":\"https:\/\/shswm.de\/#website\"},\"primaryImageOfPage\":{\"@id\":\"https:\/\/shswm.de\/?page_id=1458#primaryimage\"},\"image\":{\"@id\":\"https:\/\/shswm.de\/?page_id=1458#primaryimage\"},\"thumbnailUrl\":\"https:\/\/shswm.de\/wp-content\/uploads\/2022\/07\/2022-01-23-Thomas-und-ELW.jpg\",\"datePublished\":\"2022-07-05T15:48:53+00:00\",\"dateModified\":\"2026-01-22T12:12:35+00:00\",\"breadcrumb\":{\"@id\":\"https:\/\/shswm.de\/?page_id=1458#breadcrumb\"},\"inLanguage\":\"de-DE\",\"potentialAction\":[{\"@type\":\"ReadAction\",\"target\":[\"https:\/\/shswm.de\/?page_id=1458\"]}]},{\"@type\":\"ImageObject\",\"inLanguage\":\"de-DE\",\"@id\":\"https:\/\/shswm.de\/?page_id=1458#primaryimage\",\"url\":\"https:\/\/shswm.de\/wp-content\/uploads\/2022\/07\/2022-01-23-Thomas-und-ELW.jpg\",\"contentUrl\":\"https:\/\/shswm.de\/wp-content\/uploads\/2022\/07\/2022-01-23-Thomas-und-ELW.jpg\",\"width\":928,\"height\":835},{\"@type\":\"BreadcrumbList\",\"@id\":\"https:\/\/shswm.de\/?page_id=1458#breadcrumb\",\"itemListElement\":[{\"@type\":\"ListItem\",\"position\":1,\"name\":\"Startseite\",\"item\":\"https:\/\/shswm.de\/\"},{\"@type\":\"ListItem\",\"position\":2,\"name\":\"Kooperation \/ Einsatzleitung\"}]},{\"@type\":\"WebSite\",\"@id\":\"https:\/\/shswm.de\/#website\",\"url\":\"https:\/\/shswm.de\/\",\"name\":\"Suchhundestaffel Werra-Mei\u00dfner e.V.\",\"description\":\"Wir helfen Leben retten suchhundestaffel suchhundestaffelkassel rettungshundeverein\",\"potentialAction\":[{\"@type\":\"SearchAction\",\"target\":{\"@type\":\"EntryPoint\",\"urlTemplate\":\"https:\/\/shswm.de\/?s={search_term_string}\"},\"query-input\":{\"@type\":\"PropertyValueSpecification\",\"valueRequired\":true,\"valueName\":\"search_term_string\"}}],\"inLanguage\":\"de-DE\"}]}<\/script>\n<!-- \/ Yoast SEO plugin. -->","yoast_head_json":{"title":"Kooperation \/ Einsatzleitung - Suchhundestaffel Werra-Mei\u00dfner e.V.","robots":{"index":"index","follow":"follow","max-snippet":"max-snippet:-1","max-image-preview":"max-image-preview:large","max-video-preview":"max-video-preview:-1"},"canonical":"https:\/\/shswm.de\/?page_id=1458","og_locale":"de_DE","og_type":"article","og_title":"Kooperation \/ Einsatzleitung - Suchhundestaffel Werra-Mei\u00dfner e.V.","og_url":"https:\/\/shswm.de\/?page_id=1458","og_site_name":"Suchhundestaffel Werra-Mei\u00dfner e.V.","article_modified_time":"2026-01-22T12:12:35+00:00","og_image":[{"width":928,"height":835,"url":"https:\/\/shswm.de\/wp-content\/uploads\/2022\/07\/2022-01-23-Thomas-und-ELW.jpg","type":"image\/jpeg"}],"twitter_card":"summary_large_image","twitter_misc":{"Gesch\u00e4tzte Lesezeit":"2 Minuten"},"schema":{"@context":"https:\/\/schema.org","@graph":[{"@type":"WebPage","@id":"https:\/\/shswm.de\/?page_id=1458","url":"https:\/\/shswm.de\/?page_id=1458","name":"Kooperation \/ Einsatzleitung - Suchhundestaffel Werra-Mei\u00dfner e.V.","isPartOf":{"@id":"https:\/\/shswm.de\/#website"},"primaryImageOfPage":{"@id":"https:\/\/shswm.de\/?page_id=1458#primaryimage"},"image":{"@id":"https:\/\/shswm.de\/?page_id=1458#primaryimage"},"thumbnailUrl":"https:\/\/shswm.de\/wp-content\/uploads\/2022\/07\/2022-01-23-Thomas-und-ELW.jpg","datePublished":"2022-07-05T15:48:53+00:00","dateModified":"2026-01-22T12:12:35+00:00","breadcrumb":{"@id":"https:\/\/shswm.de\/?page_id=1458#breadcrumb"},"inLanguage":"de-DE","potentialAction":[{"@type":"ReadAction","target":["https:\/\/shswm.de\/?page_id=1458"]}]},{"@type":"ImageObject","inLanguage":"de-DE","@id":"https:\/\/shswm.de\/?page_id=1458#primaryimage","url":"https:\/\/shswm.de\/wp-content\/uploads\/2022\/07\/2022-01-23-Thomas-und-ELW.jpg","contentUrl":"https:\/\/shswm.de\/wp-content\/uploads\/2022\/07\/2022-01-23-Thomas-und-ELW.jpg","width":928,"height":835},{"@type":"BreadcrumbList","@id":"https:\/\/shswm.de\/?page_id=1458#breadcrumb","itemListElement":[{"@type":"ListItem","position":1,"name":"Startseite","item":"https:\/\/shswm.de\/"},{"@type":"ListItem","position":2,"name":"Kooperation \/ Einsatzleitung"}]},{"@type":"WebSite","@id":"https:\/\/shswm.de\/#website","url":"https:\/\/shswm.de\/","name":"Suchhundestaffel Werra-Mei\u00dfner e.V.","description":"Wir helfen Leben retten suchhundestaffel suchhundestaffelkassel rettungshundeverein","potentialAction":[{"@type":"SearchAction","target":{"@type":"EntryPoint","urlTemplate":"https:\/\/shswm.de\/?s={search_term_string}"},"query-input":{"@type":"PropertyValueSpecification","valueRequired":true,"valueName":"search_term_string"}}],"inLanguage":"de-DE"}]}},"_links":{"self":[{"href":"https:\/\/shswm.de\/index.php?rest_route=\/wp\/v2\/pages\/1458"}],"collection":[{"href":"https:\/\/shswm.de\/index.php?rest_route=\/wp\/v2\/pages"}],"about":[{"href":"https:\/\/shswm.de\/index.php?rest_route=\/wp\/v2\/types\/page"}],"author":[{"embeddable":true,"href":"https:\/\/shswm.de\/index.php?rest_route=\/wp\/v2\/users\/1"}],"replies":[{"embeddable":true,"href":"https:\/\/shswm.de\/index.php?rest_route=%2Fwp%2Fv2%2Fcomments&post=1458"}],"version-history":[{"count":16,"href":"https:\/\/shswm.de\/index.php?rest_route=\/wp\/v2\/pages\/1458\/revisions"}],"predecessor-version":[{"id":1749,"href":"https:\/\/shswm.de\/index.php?rest_route=\/wp\/v2\/pages\/1458\/revisions\/1749"}],"wp:featuredmedia":[{"embeddable":true,"href":"https:\/\/shswm.de\/index.php?rest_route=\/wp\/v2\/media\/1688"}],"wp:attachment":[{"href":"https:\/\/shswm.de\/index.php?rest_route=%2Fwp%2Fv2%2Fmedia&parent=1458"}],"curies":[{"name":"wp","href":"https:\/\/api.w.org\/{rel}","templated":true}]}}