{"id":1460,"date":"2022-07-05T15:49:28","date_gmt":"2022-07-05T15:49:28","guid":{"rendered":"https:\/\/shswm.de\/?page_id=1460"},"modified":"2026-04-16T20:23:42","modified_gmt":"2026-04-16T20:23:42","slug":"datenschutzerklaerung","status":"publish","type":"page","link":"https:\/\/shswm.de\/?page_id=1460","title":{"rendered":"Impressum"},"content":{"rendered":"<div class=\"fusion-fullwidth fullwidth-box fusion-builder-row-1 fusion-flex-container nonhundred-percent-fullwidth non-hundred-percent-height-scrolling\" style=\"--awb-border-radius-top-left:0px;--awb-border-radius-top-right:0px;--awb-border-radius-bottom-right:0px;--awb-border-radius-bottom-left:0px;--awb-flex-wrap:wrap;\" ><div class=\"fusion-builder-row fusion-row fusion-flex-align-items-flex-start fusion-flex-content-wrap\" style=\"max-width:1289.6px;margin-left: calc(-4% \/ 2 );margin-right: calc(-4% \/ 2 );\"><div class=\"fusion-layout-column fusion_builder_column fusion-builder-column-0 fusion_builder_column_1_1 1_1 fusion-flex-column\" style=\"--awb-bg-size:cover;--awb-width-large:100%;--awb-margin-top-large:0px;--awb-spacing-right-large:1.92%;--awb-margin-bottom-large:40px;--awb-spacing-left-large:1.92%;--awb-width-medium:100%;--awb-order-medium:0;--awb-spacing-right-medium:1.92%;--awb-spacing-left-medium:1.92%;--awb-width-small:100%;--awb-order-small:0;--awb-spacing-right-small:1.92%;--awb-spacing-left-small:1.92%;\"><div class=\"fusion-column-wrapper fusion-column-has-shadow fusion-flex-justify-content-flex-start fusion-content-layout-column\"><div class=\"fusion-text fusion-text-1\"><table border=\"0\" cellspacing=\"0\" cellpadding=\"0\">\n<tbody>\n<tr>\n<td colspan=\"3\" valign=\"top\" height=\"666\">\n<p class=\"Stil1\"><strong>Herausgeber<\/strong><br \/>\nSuchHundeStaffel Werra-Mei\u00dfner e.V.<br \/>\nKiefernweg 13, 37235 Hessisch-Lichtenau<br \/>\nTelefon:\u00a005602 &#8211; 61 27<br \/>\nE-Mail:\u00a0<a href=\"mailto:info@suchhundestaffel-werra-meissner.de\">info@suchhundestaffel-werra-meissner.de<\/a><\/p>\n<p class=\"Stil1\"><strong>Verantwortlich f\u00fcr den Inhalt nach \u00a755 Abs. 2\u00a0RStV:<\/strong><br \/>\nCornelia Braun<\/p>\n<p class=\"Stil1\">Vorstand:<br \/>\nCornelia Braun (1. Vorsitzende)<\/p>\n<p class=\"Stil1\">Markus Heckmann (2. Vorsitzender)<\/p>\n<p class=\"Stil1\">Vereinsregister-Nummer:<br \/>\nAmtsgericht Witzenhausen, Nr. 1478<br \/>\nGr\u00fcndungsdatum: 30.06.2002<\/p>\n<p class=\"Stil1\">Unser Verein ist durch das Finanzamt Witzenhausen als gemeinn\u00fctzig anerkannt<\/p>\n<p><span class=\"Stil1\">Gemeinn\u00fctziger Zweck:<br \/>\nF\u00f6rderung der Rettung aus Lebensgefahr (\u00a7 52 Abs. 2 Nr. 11 AO)<br \/>\n<\/span><\/p>\n<p class=\"Stil1\">Steuer-Nr.: FA Witzenhausen 4125000516<\/p>\n<p class=\"Stil1\"><span class=\"Stil6\"><strong>Rechtliche Hinweise<\/strong><\/span><\/p>\n<p class=\"Stil1\"><strong>Haftungsausschluss<\/strong><br \/>\nWir aktualisieren regelm\u00e4\u00dfig die Inhalte unserer Webseite. Gleichwohl k\u00f6nnen wir auch bei gr\u00f6\u00dftm\u00f6glicher Sorgfalt keine Garantie oder Haftung f\u00fcr die Aktualit\u00e4t, Richtigkeit oder Vollst\u00e4ndigkeit der zur Verf\u00fcgung gestellten Informationen \u00fcbernehmen.<\/p>\n<p class=\"Stil1\">Eine Verlinkung dieser Webseite mit Webseiten anderer ist nur mit unserer vorherigen Zustimmung gestattet. Wir \u00fcbernehmen keine Haftung oder Garantie f\u00fcr Webseiten anderer, die von dieser Webseite aus direkt oder indirekt \u00fcber Hyperlinks erreicht werden.<\/p>\n<p class=\"Stil1\"><strong>Urheberrecht<\/strong><br \/>\nS\u00e4mtlich Inhalte dieser Webseite sind urheberrechtlich gesch\u00fctzt. Die Vervielf\u00e4ltigung, Bearbeitung, Ver\u00f6ffentlichung und Verbreitung<\/p>\n<ul class=\"Stil12\" type=\"disc\">\n<li class=\"Stil1\">von Texten ist erlaubt<\/li>\n<li class=\"Stil1\">von Bildmaterial und Grafiken ist aus urheberrechtlichen Gr\u00fcnden verboten.<\/li>\n<\/ul>\n<p class=\"Stil1\">Erlangen wir Kenntnis von rechtsverletzenden Inhalten auf unserer Webseite oder verlinkten Webseiten anderer, werden wir die betroffenen Inhalte bzw. Hyperlinks umgehend entfernen. Dies gilt bei Verletzungen des Urheberrechts entsprechend.<\/p>\n<p class=\"Stil1\"><strong>Bildquellenangabe<\/strong><\/p>\n<p class=\"Stil1\">S\u00e4mtliche Lichtbilder auf unserer Webseite d\u00fcrfen ohne Urheberbezeichnung ver\u00f6ffentlicht werden (\u00a7 72 i.V.m. \u00a7\u00a7 12 Abs. 1 und 13 UrhG). Dem Verein sind die Urheber der einzelnen Lichtbilder bekannt.<\/p>\n<\/td>\n<td valign=\"top\" width=\"177\">\n<p align=\"center\">\n<\/td>\n<\/tr>\n<tr>\n<td valign=\"top\" width=\"410\" height=\"22\"><\/td>\n<td colspan=\"3\" valign=\"top\"><\/td>\n<\/tr>\n<\/tbody>\n<\/table>\n<\/div><\/div><\/div><\/div><\/div>\n","protected":false},"excerpt":{"rendered":"","protected":false},"author":1,"featured_media":0,"parent":0,"menu_order":0,"comment_status":"closed","ping_status":"closed","template":"","meta":{"footnotes":""},"yoast_head":"<!-- This site is optimized with the Yoast SEO plugin v23.5 - https:\/\/yoast.com\/wordpress\/plugins\/seo\/ -->\n<title>Impressum - Suchhundestaffel Werra-Mei\u00dfner e.V.<\/title>\n<meta name=\"robots\" content=\"index, follow, max-snippet:-1, max-image-preview:large, max-video-preview:-1\" \/>\n<link rel=\"canonical\" href=\"https:\/\/shswm.de\/?page_id=1460\" \/>\n<meta property=\"og:locale\" content=\"de_DE\" \/>\n<meta property=\"og:type\" content=\"article\" \/>\n<meta property=\"og:title\" content=\"Impressum - Suchhundestaffel Werra-Mei\u00dfner e.V.\" \/>\n<meta property=\"og:url\" content=\"https:\/\/shswm.de\/?page_id=1460\" \/>\n<meta property=\"og:site_name\" content=\"Suchhundestaffel Werra-Mei\u00dfner e.V.\" \/>\n<meta property=\"article:modified_time\" content=\"2026-04-16T20:23:42+00:00\" \/>\n<meta name=\"twitter:card\" content=\"summary_large_image\" \/>\n<meta name=\"twitter:label1\" content=\"Gesch\u00e4tzte Lesezeit\" \/>\n\t<meta name=\"twitter:data1\" content=\"2 Minuten\" \/>\n<script type=\"application\/ld+json\" class=\"yoast-schema-graph\">{\"@context\":\"https:\/\/schema.org\",\"@graph\":[{\"@type\":\"WebPage\",\"@id\":\"https:\/\/shswm.de\/?page_id=1460\",\"url\":\"https:\/\/shswm.de\/?page_id=1460\",\"name\":\"Impressum - Suchhundestaffel Werra-Mei\u00dfner e.V.\",\"isPartOf\":{\"@id\":\"https:\/\/shswm.de\/#website\"},\"datePublished\":\"2022-07-05T15:49:28+00:00\",\"dateModified\":\"2026-04-16T20:23:42+00:00\",\"breadcrumb\":{\"@id\":\"https:\/\/shswm.de\/?page_id=1460#breadcrumb\"},\"inLanguage\":\"de-DE\",\"potentialAction\":[{\"@type\":\"ReadAction\",\"target\":[\"https:\/\/shswm.de\/?page_id=1460\"]}]},{\"@type\":\"BreadcrumbList\",\"@id\":\"https:\/\/shswm.de\/?page_id=1460#breadcrumb\",\"itemListElement\":[{\"@type\":\"ListItem\",\"position\":1,\"name\":\"Startseite\",\"item\":\"https:\/\/shswm.de\/\"},{\"@type\":\"ListItem\",\"position\":2,\"name\":\"Impressum\"}]},{\"@type\":\"WebSite\",\"@id\":\"https:\/\/shswm.de\/#website\",\"url\":\"https:\/\/shswm.de\/\",\"name\":\"Suchhundestaffel Werra-Mei\u00dfner e.V.\",\"description\":\"Wir helfen Leben retten suchhundestaffel suchhundestaffelkassel rettungshundeverein\",\"potentialAction\":[{\"@type\":\"SearchAction\",\"target\":{\"@type\":\"EntryPoint\",\"urlTemplate\":\"https:\/\/shswm.de\/?s={search_term_string}\"},\"query-input\":{\"@type\":\"PropertyValueSpecification\",\"valueRequired\":true,\"valueName\":\"search_term_string\"}}],\"inLanguage\":\"de-DE\"}]}<\/script>\n<!-- \/ Yoast SEO plugin. -->","yoast_head_json":{"title":"Impressum - Suchhundestaffel Werra-Mei\u00dfner e.V.","robots":{"index":"index","follow":"follow","max-snippet":"max-snippet:-1","max-image-preview":"max-image-preview:large","max-video-preview":"max-video-preview:-1"},"canonical":"https:\/\/shswm.de\/?page_id=1460","og_locale":"de_DE","og_type":"article","og_title":"Impressum - Suchhundestaffel Werra-Mei\u00dfner e.V.","og_url":"https:\/\/shswm.de\/?page_id=1460","og_site_name":"Suchhundestaffel Werra-Mei\u00dfner e.V.","article_modified_time":"2026-04-16T20:23:42+00:00","twitter_card":"summary_large_image","twitter_misc":{"Gesch\u00e4tzte Lesezeit":"2 Minuten"},"schema":{"@context":"https:\/\/schema.org","@graph":[{"@type":"WebPage","@id":"https:\/\/shswm.de\/?page_id=1460","url":"https:\/\/shswm.de\/?page_id=1460","name":"Impressum - Suchhundestaffel Werra-Mei\u00dfner e.V.","isPartOf":{"@id":"https:\/\/shswm.de\/#website"},"datePublished":"2022-07-05T15:49:28+00:00","dateModified":"2026-04-16T20:23:42+00:00","breadcrumb":{"@id":"https:\/\/shswm.de\/?page_id=1460#breadcrumb"},"inLanguage":"de-DE","potentialAction":[{"@type":"ReadAction","target":["https:\/\/shswm.de\/?page_id=1460"]}]},{"@type":"BreadcrumbList","@id":"https:\/\/shswm.de\/?page_id=1460#breadcrumb","itemListElement":[{"@type":"ListItem","position":1,"name":"Startseite","item":"https:\/\/shswm.de\/"},{"@type":"ListItem","position":2,"name":"Impressum"}]},{"@type":"WebSite","@id":"https:\/\/shswm.de\/#website","url":"https:\/\/shswm.de\/","name":"Suchhundestaffel Werra-Mei\u00dfner e.V.","description":"Wir helfen Leben retten suchhundestaffel suchhundestaffelkassel rettungshundeverein","potentialAction":[{"@type":"SearchAction","target":{"@type":"EntryPoint","urlTemplate":"https:\/\/shswm.de\/?s={search_term_string}"},"query-input":{"@type":"PropertyValueSpecification","valueRequired":true,"valueName":"search_term_string"}}],"inLanguage":"de-DE"}]}},"_links":{"self":[{"href":"https:\/\/shswm.de\/index.php?rest_route=\/wp\/v2\/pages\/1460"}],"collection":[{"href":"https:\/\/shswm.de\/index.php?rest_route=\/wp\/v2\/pages"}],"about":[{"href":"https:\/\/shswm.de\/index.php?rest_route=\/wp\/v2\/types\/page"}],"author":[{"embeddable":true,"href":"https:\/\/shswm.de\/index.php?rest_route=\/wp\/v2\/users\/1"}],"replies":[{"embeddable":true,"href":"https:\/\/shswm.de\/index.php?rest_route=%2Fwp%2Fv2%2Fcomments&post=1460"}],"version-history":[{"count":5,"href":"https:\/\/shswm.de\/index.php?rest_route=\/wp\/v2\/pages\/1460\/revisions"}],"predecessor-version":[{"id":2180,"href":"https:\/\/shswm.de\/index.php?rest_route=\/wp\/v2\/pages\/1460\/revisions\/2180"}],"wp:attachment":[{"href":"https:\/\/shswm.de\/index.php?rest_route=%2Fwp%2Fv2%2Fmedia&parent=1460"}],"curies":[{"name":"wp","href":"https:\/\/api.w.org\/{rel}","templated":true}]}}