{"id":1462,"date":"2022-07-05T15:50:00","date_gmt":"2022-07-05T15:50:00","guid":{"rendered":"https:\/\/shswm.de\/?page_id=1462"},"modified":"2026-01-22T12:09:35","modified_gmt":"2026-01-22T12:09:35","slug":"impressum-und-rechtliche-hinweise","status":"publish","type":"page","link":"https:\/\/shswm.de\/?page_id=1462","title":{"rendered":"Datenschutz"},"content":{"rendered":"<div class=\"fusion-fullwidth fullwidth-box fusion-builder-row-1 fusion-flex-container nonhundred-percent-fullwidth non-hundred-percent-height-scrolling\" style=\"--awb-border-radius-top-left:0px;--awb-border-radius-top-right:0px;--awb-border-radius-bottom-right:0px;--awb-border-radius-bottom-left:0px;--awb-flex-wrap:wrap;\" ><div class=\"fusion-builder-row fusion-row fusion-flex-align-items-flex-start fusion-flex-content-wrap\" style=\"max-width:1289.6px;margin-left: calc(-4% \/ 2 );margin-right: calc(-4% \/ 2 );\"><div class=\"fusion-layout-column fusion_builder_column fusion-builder-column-0 fusion_builder_column_1_1 1_1 fusion-flex-column\" style=\"--awb-bg-size:cover;--awb-width-large:100%;--awb-margin-top-large:0px;--awb-spacing-right-large:1.92%;--awb-margin-bottom-large:40px;--awb-spacing-left-large:1.92%;--awb-width-medium:100%;--awb-order-medium:0;--awb-spacing-right-medium:1.92%;--awb-spacing-left-medium:1.92%;--awb-width-small:100%;--awb-order-small:0;--awb-spacing-right-small:1.92%;--awb-spacing-left-small:1.92%;\"><div class=\"fusion-column-wrapper fusion-column-has-shadow fusion-flex-justify-content-flex-start fusion-content-layout-column\"><div class=\"fusion-text fusion-text-1\"><h3 class=\"Stil1\"><strong>1. Wir sch\u00fctzen personenbezogene Daten.<\/strong><\/h3>\n<p class=\"Stil1\">Die SuchHundeStaffel Werra-Mei\u00dfner e.V. (in dieser Datenschutzerkl\u00e4rung auch \u201e<strong>Suchhundestaffel<\/strong>\u201c, \u201e<strong>uns<\/strong>\u201c oder \u201e<strong>wir<\/strong>\u201c genannt), freut sich, dass Sie unsere Webseite besuchen. Datenschutz und Datensicherheit bei der Nutzung unserer Website sind uns sehr wichtig. Wir m\u00f6chten Sie mit dieser Datenschutzerkl\u00e4rung dar\u00fcber informieren, welche Ihrer personenbezogenen Daten wir bei Ihrem Besuch auf unserer Website erfassen und f\u00fcr welche Zwecke diese Daten genutzt werden.<br \/>\nPersonenbezogene Daten sind Einzelangaben \u00fcber pers\u00f6nliche oder sachliche Verh\u00e4ltnisse, die Ihnen individuell zugeordnet und dazu genutzt werden k\u00f6nnen, Informationen \u00fcber Ihre Person (z.B. Name, Anschrift, Geburtsdatum, Telefonnummer oder E-Mail-Adresse) oder \u00fcber Ihr Nutzerverhalten beim Besuch unserer Webseite zu erlangen.<\/p>\n<h3 class=\"Stil1\"><strong>2. Geltungsbereich unserer Datenschutzerkl\u00e4rung<\/strong><\/h3>\n<p class=\"Stil1\">Diese Erkl\u00e4rung zum Datenschutz gilt f\u00fcr den Auftritt der Suchhundestaffel unter\u00a0<a href=\"http:\/\/www.suchhundestaffel-werra-meissner.de\/\">www.suchhundestaffel-werra-meissner.de<\/a>,\u00a0<a href=\"http:\/\/www.rettungshundeverein-werra-meissner.de\/\">www.rettungshundeverein-werra-meissner.de<\/a> und <a href=\"https:\/\/shswm.de\">https:\/\/shswm.de<\/a>.<br \/>\nAuf unserer Webseite befinden sich sog. Hyperlinks zu Webseites anderer Anbieter. Wenn Sie diese Hyperlinks aktivieren, werden Sie von unserer Webseite direkt auf die Webseite der anderen Anbieter weitergeleitet. Sie erkennen dies z. B. am Wechsel der URL in der Adresszeile Ihres Internet-Browsers. Wir k\u00f6nnen keine Verantwortung daf\u00fcr \u00fcbernehmen, dass Ihre personenbezogenen Daten auf den Webseiten anderer Anbieter korrekt verarbeitet werden. Bitte informieren Sie sich deshalb direkt bei diesen anderen Anbietern \u00fcber die Verarbeitung Ihrer personenbezogenen Daten beim Besuch der anderen Webseiten.<\/p>\n<h3 class=\"Stil1\"><strong>3. Einsatz von Cookies<\/strong><\/h3>\n<p class=\"Stil1\">Wir setzen \u201cCookies\u201d ein. Cookies sind kleine Textdateien mit Konfigurationsinformationen, die im Rahmen Ihres Besuchs unserer Website von unserem Webserver an Ihren Browser gesandt und von diesem auf Ihrem Rechner f\u00fcr einen sp\u00e4teren Abruf vorgehalten werden.<br \/>\nDie meisten Browser sind so voreingestellt, dass Cookies automatisch akzeptiert werden. Nach Beendigung des Besuchs unserer Website k\u00f6nnen Sie die Cookies jederzeit von Ihrem System l\u00f6schen.<br \/>\nWenn Sie auf unsere Website zugreifen, werden durch die eingesetzten Webserver automatisch folgende allgemeine Informationen gespeichert:<\/p>\n<ul type=\"disc\">\n<li class=\"Stil1\">der Name Ihres Internet Service Providers (bzw. bei Firmennetzwerken den Namen Ihres Unternehmens),<\/li>\n<li class=\"Stil1\">die Website, die Sie zuletzt besucht haben,<\/li>\n<li class=\"Stil1\">die Website, die Sie bei uns besucht haben,<\/li>\n<li class=\"Stil1\">die Namen der dort abgerufenen Dateien,<\/li>\n<li class=\"Stil1\">das Datum und die Uhrzeit des Abrufs,<\/li>\n<li class=\"Stil1\">sowie gegebenenfalls das Betriebssystem und die Browserversion Ihres PCs.<\/li>\n<\/ul>\n<p class=\"Stil1\">Diese Informationen werden anonymisiert ausgewertet und nicht personenbezogen verarbeitet. Eine Zusammenf\u00fchrung dieser Daten mit personenbezogenen Daten aus anderen Datenquellen wird nicht vorgenommen.<\/p>\n<h3 class=\"Stil1\"><strong>4. Datenschutzbeauftragter<\/strong><\/h3>\n<p class=\"Stil1\">Unsere Suchhundestaffel ist zur Bestellung eines Datenschutzbeauftragten gem\u00e4\u00df Art. 37 DSGVO in Verbindung mit \u00a7 38 BDSG nicht verpflichtet. Ansprechpartner f\u00fcr Themen zum Datenschutz ist unser Vorstand unter:<br \/>\nSuchHundeStaffel Werra-Mei\u00dfner e.V.<br \/>\nKiefernweg 13, 37235 Hessisch-Lichtenau<br \/>\nTelefon:\u00a005602 &#8211; 61 27<br \/>\nE-Mail:\u00a0<a href=\"mailto:info@suchhundestaffel-werra-meissner.de\">info@suchhundestaffel-werra-meissner.de<\/a><\/p>\n<\/div><\/div><\/div><\/div><\/div>\n","protected":false},"excerpt":{"rendered":"","protected":false},"author":1,"featured_media":0,"parent":0,"menu_order":0,"comment_status":"closed","ping_status":"closed","template":"","meta":{"footnotes":""},"yoast_head":"<!-- This site is optimized with the Yoast SEO plugin v23.5 - https:\/\/yoast.com\/wordpress\/plugins\/seo\/ -->\n<title>Datenschutz - Suchhundestaffel Werra-Mei\u00dfner e.V.<\/title>\n<meta name=\"robots\" content=\"index, follow, max-snippet:-1, max-image-preview:large, max-video-preview:-1\" \/>\n<link rel=\"canonical\" href=\"https:\/\/shswm.de\/?page_id=1462\" \/>\n<meta property=\"og:locale\" content=\"de_DE\" \/>\n<meta property=\"og:type\" content=\"article\" \/>\n<meta property=\"og:title\" content=\"Datenschutz - Suchhundestaffel Werra-Mei\u00dfner e.V.\" \/>\n<meta property=\"og:url\" content=\"https:\/\/shswm.de\/?page_id=1462\" \/>\n<meta property=\"og:site_name\" content=\"Suchhundestaffel Werra-Mei\u00dfner e.V.\" \/>\n<meta property=\"article:modified_time\" content=\"2026-01-22T12:09:35+00:00\" \/>\n<meta name=\"twitter:card\" content=\"summary_large_image\" \/>\n<meta name=\"twitter:label1\" content=\"Gesch\u00e4tzte Lesezeit\" \/>\n\t<meta name=\"twitter:data1\" content=\"3 Minuten\" \/>\n<script type=\"application\/ld+json\" class=\"yoast-schema-graph\">{\"@context\":\"https:\/\/schema.org\",\"@graph\":[{\"@type\":\"WebPage\",\"@id\":\"https:\/\/shswm.de\/?page_id=1462\",\"url\":\"https:\/\/shswm.de\/?page_id=1462\",\"name\":\"Datenschutz - Suchhundestaffel Werra-Mei\u00dfner e.V.\",\"isPartOf\":{\"@id\":\"https:\/\/shswm.de\/#website\"},\"datePublished\":\"2022-07-05T15:50:00+00:00\",\"dateModified\":\"2026-01-22T12:09:35+00:00\",\"breadcrumb\":{\"@id\":\"https:\/\/shswm.de\/?page_id=1462#breadcrumb\"},\"inLanguage\":\"de-DE\",\"potentialAction\":[{\"@type\":\"ReadAction\",\"target\":[\"https:\/\/shswm.de\/?page_id=1462\"]}]},{\"@type\":\"BreadcrumbList\",\"@id\":\"https:\/\/shswm.de\/?page_id=1462#breadcrumb\",\"itemListElement\":[{\"@type\":\"ListItem\",\"position\":1,\"name\":\"Startseite\",\"item\":\"https:\/\/shswm.de\/\"},{\"@type\":\"ListItem\",\"position\":2,\"name\":\"Datenschutz\"}]},{\"@type\":\"WebSite\",\"@id\":\"https:\/\/shswm.de\/#website\",\"url\":\"https:\/\/shswm.de\/\",\"name\":\"Suchhundestaffel Werra-Mei\u00dfner e.V.\",\"description\":\"Wir helfen Leben retten suchhundestaffel suchhundestaffelkassel rettungshundeverein\",\"potentialAction\":[{\"@type\":\"SearchAction\",\"target\":{\"@type\":\"EntryPoint\",\"urlTemplate\":\"https:\/\/shswm.de\/?s={search_term_string}\"},\"query-input\":{\"@type\":\"PropertyValueSpecification\",\"valueRequired\":true,\"valueName\":\"search_term_string\"}}],\"inLanguage\":\"de-DE\"}]}<\/script>\n<!-- \/ Yoast SEO plugin. -->","yoast_head_json":{"title":"Datenschutz - Suchhundestaffel Werra-Mei\u00dfner e.V.","robots":{"index":"index","follow":"follow","max-snippet":"max-snippet:-1","max-image-preview":"max-image-preview:large","max-video-preview":"max-video-preview:-1"},"canonical":"https:\/\/shswm.de\/?page_id=1462","og_locale":"de_DE","og_type":"article","og_title":"Datenschutz - Suchhundestaffel Werra-Mei\u00dfner e.V.","og_url":"https:\/\/shswm.de\/?page_id=1462","og_site_name":"Suchhundestaffel Werra-Mei\u00dfner e.V.","article_modified_time":"2026-01-22T12:09:35+00:00","twitter_card":"summary_large_image","twitter_misc":{"Gesch\u00e4tzte Lesezeit":"3 Minuten"},"schema":{"@context":"https:\/\/schema.org","@graph":[{"@type":"WebPage","@id":"https:\/\/shswm.de\/?page_id=1462","url":"https:\/\/shswm.de\/?page_id=1462","name":"Datenschutz - Suchhundestaffel Werra-Mei\u00dfner e.V.","isPartOf":{"@id":"https:\/\/shswm.de\/#website"},"datePublished":"2022-07-05T15:50:00+00:00","dateModified":"2026-01-22T12:09:35+00:00","breadcrumb":{"@id":"https:\/\/shswm.de\/?page_id=1462#breadcrumb"},"inLanguage":"de-DE","potentialAction":[{"@type":"ReadAction","target":["https:\/\/shswm.de\/?page_id=1462"]}]},{"@type":"BreadcrumbList","@id":"https:\/\/shswm.de\/?page_id=1462#breadcrumb","itemListElement":[{"@type":"ListItem","position":1,"name":"Startseite","item":"https:\/\/shswm.de\/"},{"@type":"ListItem","position":2,"name":"Datenschutz"}]},{"@type":"WebSite","@id":"https:\/\/shswm.de\/#website","url":"https:\/\/shswm.de\/","name":"Suchhundestaffel Werra-Mei\u00dfner e.V.","description":"Wir helfen Leben retten suchhundestaffel suchhundestaffelkassel rettungshundeverein","potentialAction":[{"@type":"SearchAction","target":{"@type":"EntryPoint","urlTemplate":"https:\/\/shswm.de\/?s={search_term_string}"},"query-input":{"@type":"PropertyValueSpecification","valueRequired":true,"valueName":"search_term_string"}}],"inLanguage":"de-DE"}]}},"_links":{"self":[{"href":"https:\/\/shswm.de\/index.php?rest_route=\/wp\/v2\/pages\/1462"}],"collection":[{"href":"https:\/\/shswm.de\/index.php?rest_route=\/wp\/v2\/pages"}],"about":[{"href":"https:\/\/shswm.de\/index.php?rest_route=\/wp\/v2\/types\/page"}],"author":[{"embeddable":true,"href":"https:\/\/shswm.de\/index.php?rest_route=\/wp\/v2\/users\/1"}],"replies":[{"embeddable":true,"href":"https:\/\/shswm.de\/index.php?rest_route=%2Fwp%2Fv2%2Fcomments&post=1462"}],"version-history":[{"count":5,"href":"https:\/\/shswm.de\/index.php?rest_route=\/wp\/v2\/pages\/1462\/revisions"}],"predecessor-version":[{"id":1873,"href":"https:\/\/shswm.de\/index.php?rest_route=\/wp\/v2\/pages\/1462\/revisions\/1873"}],"wp:attachment":[{"href":"https:\/\/shswm.de\/index.php?rest_route=%2Fwp%2Fv2%2Fmedia&parent=1462"}],"curies":[{"name":"wp","href":"https:\/\/api.w.org\/{rel}","templated":true}]}}